{"id":240,"date":"2016-05-18T07:51:31","date_gmt":"2016-05-18T07:51:31","guid":{"rendered":"http:\/\/probelauf.textur-buero.de\/?page_id=240"},"modified":"2022-05-02T17:54:51","modified_gmt":"2022-05-02T17:54:51","slug":"gruendet-integrationstheater","status":"publish","type":"page","link":"https:\/\/hans-igel.de\/?page_id=240","title":{"rendered":"Gr\u00fcndet Inklusionstheater!"},"content":{"rendered":"<div class=\"separator\"><b>&nbsp;<\/b><\/div>\n<p><span style=\"color: #008000;\"><strong>Inklu\u00adsi\u00adons\u00adthea\u00adter ist Thea\u00adter f\u00fcr ein viel\u00adf\u00e4l\u00adti\u00adges, neu\u00adgie\u00adri\u00adges und soli\u00adda\u00adri\u00adsches Mit\u00adein\u00adan\u00adder in unse\u00adrem Land.<\/strong><\/span> Inklu\u00adsi\u00adons\u00adthea\u00adter lebt durch die Unter\u00adschied\u00adlich\u00adkeit sei\u00adner Teil\u00adneh\u00adme\u00adrIn\u00adnen und schafft Thea\u00adter\u00adauf\u00adf\u00fch\u00adrun\u00adgen, die die\u00adse Viel\u00adfalt als gro\u00ad\u00dfen Reich\u00adtum \u201eauf die Bret\u00adter\u201d brin\u00adgen und erleb\u00adbar machen.<\/p>\n<p>Die Wirt\u00adschaft hat nat\u00fcr\u00adlich schon lan\u00adge ent\u00addeckt, <span style=\"color: #008000;\"><strong>dass Teams nach sog. \u201eDiversity\u201d-Prinzipien inno\u00adva\u00adti\u00adver, pro\u00adduk\u00adti\u00adver und schnel\u00adler arbei\u00adten, als homo\u00adge\u00adne Grup\u00adpen.<\/strong><\/span> Inklu\u00adsi\u00adons\u00adthea\u00adter zieht aus der Viel\u00adfalt der Betei\u00adlig\u00adten aber mehr als blo\u00ad\u00dfe Gewinn\u00adma\u00adxi\u00admie\u00adrung: Begl\u00fc\u00adckend sind die magi\u00adschen Pro\u00adben\u00admo\u00admen\u00adte, die so viel Ener\u00adgie frei\u00adset\u00adzen, dass Uto\u00adpie aufblitzt.<\/p>\n<p>Inklu\u00adsi\u00adons\u00adthea\u00adter arbei\u00adtet f\u00fcr den gesell\u00adschaft\u00adli\u00adchen Kli\u00adma\u00adwan\u00addel, will Modell sein, wie Inklu\u00adsi\u00adon auch im Gro\u00ad\u00dfen funk\u00adtio\u00adnie\u00adren&nbsp;kann.<\/p>\n<p>Aber machen wir uns nichts vor: <span style=\"color: #008000;\"><strong>Jedes Pro\u00adjekt ist ein Trop\u00adfen auf den hei\u00ad\u00dfen Stein. Eigent\u00adlich kann es nicht genug Initia\u00adti\u00adven f\u00fcr Inklu\u00adsi\u00adons\u00adthea\u00adter&nbsp;geben!<\/strong><\/span><\/p>\n<p>Inklu\u00adsi\u00adons\u00adthea\u00adter gr\u00fcn\u00adden, bedeu\u00adtet zual\u00adler\u00aderst, Struk\u00adtu\u00adren zu schaf\u00adfen: finan\u00adzi\u00adell, r\u00e4um\u00adlich und per\u00adso\u00adnell. Dann muss man Men\u00adschen f\u00fcr Thea\u00adter\u00adideen begeis\u00adtern und Teil\u00adneh\u00adme\u00adrIn\u00adnen gewin\u00adnen, Men\u00adschen, die aus m\u00f6g\u00adlichst unter\u00adschied\u00adli\u00adchen Lebens\u00adwel\u00adten kom\u00admen und sich erst beim Thea\u00adter\u00adspie\u00adlen ken\u00adnen\u00adler\u00adnen: behin\u00addert und nicht behin\u00addert, alt und jung, gefl\u00fcch\u00adtet und \u201eein\u00adge\u00adbo\u00adren\u201d, stumm und spre\u00adchend, \u201esti\u00adno\u201d und \u201eque\u00ader\u201d - wer immer kom\u00admen&nbsp;will.<\/p>\n<p><span style=\"color: #008000;\"><strong>Ein\u00adge\u00adla\u00adden wird zu einer span\u00adnen\u00adden Rei\u00adse mit unbe\u00adkann\u00adtem Ziel<\/strong> <\/span>und mit den Ver\u00adspre\u00adchen, dass unter\u00adwegs alle auf ihre Kos\u00adten kom\u00admen und, dass zum Abschluss eine Pre\u00admie\u00adre statt\u00adfin\u00addet und sich das Thea\u00adter und die Gemein\u00adschaft mit einem gro\u00ad\u00dfen Fest feiern.<\/p>\n<p>Schnell muss eine Visi\u00adon ent\u00adwi\u00adckelt wer\u00adden, wo die gemein\u00adsa\u00adme Rei\u00adse hin\u00adge\u00adhen soll. Gibt es The\u00admen, die bei den ers\u00adten Zusam\u00admen\u00adk\u00fcnf\u00adten \u201ein der Luft\u201d lie\u00adgen? <span style=\"color: #008000;\"><strong>Was brin\u00adgen die Spie\u00adle\u00adrIn\u00adnen mit?<\/strong><\/span> Von ihren F\u00e4hig\u00adkei\u00adten, W\u00fcn\u00adschen und Vor\u00adlie\u00adben - sowohl auf kul\u00adtu\u00adrel\u00adler, als auch auf intel\u00adlek\u00adtu\u00adel\u00adler, sprach\u00adli\u00adcher und k\u00f6r\u00adper\u00adli\u00adcher Ebe\u00adne - soll m\u00f6g\u00adlichst viel ein\u00adflie\u00ad\u00dfen in die gemein\u00adsa\u00adme Probenarbeit.<\/p>\n<p>Alle m\u00fcs\u00adsen voll auf ihre Kos\u00adten kom\u00admen. Wenn es nicht gelingt, jeman\u00adden in sei\u00adner Per\u00ads\u00f6n\u00adlich\u00adkeit zu errei\u00adchen und her\u00adaus\u00adzu\u00adfor\u00addern, wird man sie\/ihn nicht gewin\u00adnen k\u00f6n\u00adnen. <span style=\"color: #008000;\"><strong>Wer aber dabei ist, fin\u00addet in der Gemein\u00adschaft und im Thea\u00adter\u00adst\u00fcck schnell ihren\/seinen Platz,<\/strong><\/span> wird unver\u00adzicht\u00adbar, ohne sie\/ihn geht es bald nicht&nbsp;mehr.<\/p>\n<p>Gro\u00ad\u00dfe Acht\u00adsam\u00adkeit im Umgang mit\u00adein\u00adan\u00adder und im gemein\u00adsa\u00admen Spiel muss die Zusam\u00admen\u00adar\u00adbeit pr\u00e4\u00adgen. Dabei geht es aber nicht um einen \u201eKuschel\u00adkurs\u201d. <span style=\"color: #008000;\"><strong>Thea\u00adter bie\u00adtet sich auch an, um Kon\u00adflik\u00adte - nat\u00fcr\u00adlich auch die eige\u00adnen! - mit thea\u00adtra\u00adli\u00adschen Mit\u00adteln zu the\u00adma\u00adti\u00adsie\u00adren.<\/strong> <\/span>Da darf\u2018s auch mal rich\u00adtig \u201ezur Sache gehen\u201d. Thea\u00adter lebt davon, dass nicht alle die glei\u00adche Rol\u00adle spie\u00adlen, die glei\u00adche Mei\u00adnung vertreten.<\/p>\n<p>Der Fan\u00adta\u00adsie und den Wahl\u00adm\u00f6g\u00adlich\u00adkei\u00adten f\u00fcr The\u00admen, Spiel\u00adwei\u00adsen und Thea\u00adter\u00adrol\u00adlen sind kei\u00adne Gren\u00adzen gesetzt: Schreibt man ein eige\u00adnes Thea\u00adter\u00adst\u00fcck, bedient man sich lie\u00adber bei der klas\u00adsi\u00adschen Thea\u00adter\u00adli\u00adte\u00adra\u00adtur oder gibt man viel\u00adleicht Bewe\u00adgung und Tanz den Vor\u00adzug vor den Worten?<\/p>\n<p><span style=\"color: #008000;\"><strong>Ein\u00adzi\u00adge Bedin\u00adgung ist, dass die Spie\u00adle\u00adrIn\u00adnen immer im Mit\u00adtel\u00adpunkt aller Ent\u00adschei\u00addun\u00adgen ste\u00adhen.<\/strong><\/span> Der gew\u00e4hl\u00adte Stoff - wie auch immer gear\u00adtet - muss \u201ez\u00fcn\u00adden\u201d, alle Betei\u00adlig\u00adten sol\u00adlen das Gef\u00fchl haben: das hat mit mir zu&nbsp;tun.<\/p>\n<p><span style=\"color: #008000;\"><strong>Eine gute Por\u00adti\u00adon Stress\u00adre\u00adsis\u00adtenz, hilfs\u00adbe\u00adrei\u00adte aben\u00adteu\u00ader\u00adlus\u00adti\u00adge Freun\u00adde und eine gute Souf\u00adfleu\u00adse sind unsch\u00e4tz\u00adba\u00adre Weg\u00adbe\u00adglei\u00adter f\u00fcr ein Inklu\u00adsi\u00adons\u00adthea\u00adter-Pro\u00adjekt,<\/strong> <\/span>das mit \u201eklei\u00adnen Kata\u00adstro\u00adphen\u201d immer f\u00fcr \u00dcber\u00adra\u00adschun\u00adgen gut ist: Pl\u00f6tz\u00adlich bre\u00adchen m\u00fch\u00adsam gezim\u00admer\u00adte Struk\u00adtu\u00adren weg oder Teil\u00adneh\u00adme\u00adrIn\u00adnen sprin\u00adgen ab, weil das Leben die Rich\u00adtung \u00e4ndert und\/oder jemand ist rich\u00adtig krank. Pl\u00f6tz\u00adlich sind schnel\u00adle Ent\u00adschei\u00addun\u00adgen gefragt, um das Pro\u00adjekt zu retten.<\/p>\n<p><span style=\"color: #008000;\"><strong>Die\u00adse st\u00e4n\u00addi\u00adge laten\u00adte Unbe\u00adre\u00adchen\u00adbar\u00adkeit hat auch ihr Gutes: Sie unter\u00adst\u00fctzt ein Arbeits\u00adkli\u00adma der \u201eAnti-Sicher\u00adheit\u201d.<\/strong><\/span> Zen\u00adtra\u00adle Auf\u00adga\u00adbe gera\u00adde bei der Arbeit mit nicht\u00adpro\u00adfes\u00adsio\u00adnel\u00adlen Spie\u00adle\u00adrIn\u00adnen ist, Rou\u00adti\u00adne (t\u00f6d\u00adlich f\u00fcr leben\u00addi\u00adges Thea\u00adter) aus den Pro\u00adben, aus dem Spiel und aus den Auf\u00adf\u00fch\u00adrun\u00adgen zu ver\u00adban\u00adnen. Mit der Hal\u00adtung, \u201edas war gut, das spie\u00adlen wir jetzt immer so\u201d, ist man auf dem Holz\u00adweg. Spie\u00adle\u00adrIn\u00adnen, die sich in Sicher\u00adheit wie\u00adgen, sind schlau\u00ader als ihre Rol\u00adlen, spie\u00adlen zu Beginn schon das Ende mit. So kann man sein Publi\u00adkum nicht \u00fcber\u00adra\u00adschen und in den Bann schla\u00adgen, Lan\u00adge\u00adwei\u00adle ist vorprogrammiert.<\/p>\n<p>Die Freu\u00adde am gemein\u00adschaft\u00adli\u00adchen Arbei\u00adten, ein Arbeits\u00adpro\u00adzess, der nie inne\u00adh\u00e4lt und st\u00e4n\u00addig neue Auf\u00adga\u00adben in den Fokus r\u00fcckt - um der Rou\u00adti\u00adne zu ent\u00adge\u00adhen - Thea\u00adter, das von Men\u00adschen erz\u00e4hlt, Inklu\u00adsi\u00adon lebt und the\u00adma\u00adti\u00adsiert, schafft Thea\u00adter\u00ader\u00adleb\u00adnis\u00adse, die bei den Betei\u00adlig\u00adten und in der \u00d6ffent\u00adlich\u00adkeit Spu\u00adren hinterlassen.<\/p>\n<p>So wird Inklu\u00adsi\u00adons\u00adthea\u00adter wir\u00adkungs\u00advoll sei\u00adner Vor\u00adbild\u00adfunk\u00adti\u00adon gerecht.<\/p>\n<p><strong><span style=\"color: #008000;\">Axel Tr\u00f6\u00adger<\/span><br>\n<\/strong><\/p>\n","protected":false},"excerpt":{"rendered":"<p>&nbsp; Inklu\u00adsi\u00adons\u00adthea\u00adter ist Thea\u00adter f\u00fcr ein viel\u00adf\u00e4l\u00adti\u00adges, neu\u00adgie\u00adri\u00adges und soli\u00adda\u00adri\u00adsches Mit\u00adein\u00adan\u00adder in unse\u00adrem Land. Inklu\u00adsi\u00adons\u00adthea\u00adter lebt durch die Unter\u00adschied\u00adlich\u00adkeit sei\u00adner Teil\u00adneh\u00adme\u00adrIn\u00adnen und schafft Thea\u00adter\u00adauf\u00adf\u00fch\u00adrun\u00adgen, die die\u00adse Viel\u00adfalt als gro\u00ad\u00dfen Reich\u00adtum \u201eauf die Bret\u00adter\u201d brin\u00adgen und erleb\u00adbar machen. Die Wirt\u00adschaft hat nat\u00fcr\u00adlich schon lan\u00adge ent\u00addeckt, dass Teams nach sog. \u201eDiversity\u201d-Prinzipien inno\u00adva\u00adti\u00adver, pro\u00adduk\u00adti\u00adver und schnel\u00adler arbei\u00adten, als \u2026 <a href=\"https:\/\/hans-igel.de\/?page_id=240\" class=\"more-link\"><span class=\"screen-reader-text\">Gr\u00fcn\u00addet Inklu\u00adsi\u00adons\u00adthea\u00adter!<\/span> wei\u00adter\u00adle\u00adsen <span class=\"meta-nav\">\u2192<\/span><\/a><\/p>\n","protected":false},"author":1,"featured_media":0,"parent":0,"menu_order":0,"comment_status":"closed","ping_status":"closed","template":"","meta":{"sfsi_plus_gutenberg_text_before_share":"","sfsi_plus_gutenberg_show_text_before_share":"","sfsi_plus_gutenberg_icon_type":"","sfsi_plus_gutenberg_icon_alignemt":"","sfsi_plus_gutenburg_max_per_row":"","wp_typography_post_enhancements_disabled":false,"footnotes":""},"class_list":["post-240","page","type-page","status-publish","hentry"],"yoast_head":"<!-- This site is optimized with the Yoast SEO plugin v24.7 - https:\/\/yoast.com\/wordpress\/plugins\/seo\/ -->\n<title>Gr\u00fcndet Inklusionstheater! - Hans Igel<\/title>\n<meta name=\"robots\" content=\"index, follow, max-snippet:-1, max-image-preview:large, max-video-preview:-1\" \/>\n<link rel=\"canonical\" href=\"http:\/\/hans-igel.de\/?page_id=240\" \/>\n<meta property=\"og:locale\" content=\"de_DE\" \/>\n<meta property=\"og:type\" content=\"article\" \/>\n<meta property=\"og:title\" content=\"Gr\u00fcndet Inklusionstheater! - Hans Igel\" \/>\n<meta property=\"og:description\" content=\"&nbsp; Inklu\u00adsi\u00adons\u00adthea\u00adter ist Thea\u00adter f\u00fcr ein viel\u00adf\u00e4l\u00adti\u00adges, neu\u00adgie\u00adri\u00adges und soli\u00adda\u00adri\u00adsches Mit\u00adein\u00adan\u00adder in unse\u00adrem Land. Inklu\u00adsi\u00adons\u00adthea\u00adter lebt durch die Unter\u00adschied\u00adlich\u00adkeit sei\u00adner Teil\u00adneh\u00adme\u00adrIn\u00adnen und schafft Thea\u00adter\u00adauf\u00adf\u00fch\u00adrun\u00adgen, die die\u00adse Viel\u00adfalt als gro\u00ad\u00dfen Reich\u00adtum \u201eauf die Bret\u00adter\u201d brin\u00adgen und erleb\u00adbar machen. Die Wirt\u00adschaft hat nat\u00fcr\u00adlich schon lan\u00adge ent\u00addeckt, dass Teams nach sog. \u201eDiversity\u201d-Prinzipien inno\u00adva\u00adti\u00adver, pro\u00adduk\u00adti\u00adver und schnel\u00adler arbei\u00adten, als &hellip; Gr\u00fcndet Inklusionstheater! weiterlesen &rarr;\" \/>\n<meta property=\"og:url\" content=\"http:\/\/hans-igel.de\/?page_id=240\" \/>\n<meta property=\"og:site_name\" content=\"Hans Igel\" \/>\n<meta property=\"article:modified_time\" content=\"2022-05-02T17:54:51+00:00\" \/>\n<meta name=\"twitter:card\" content=\"summary_large_image\" \/>\n<meta name=\"twitter:label1\" content=\"Gesch\u00e4tzte Lesezeit\" \/>\n\t<meta name=\"twitter:data1\" content=\"4\u00a0Minuten\" \/>\n<script type=\"application\/ld+json\" class=\"yoast-schema-graph\">{\"@context\":\"https:\/\/schema.org\",\"@graph\":[{\"@type\":\"WebPage\",\"@id\":\"http:\/\/hans-igel.de\/?page_id=240\",\"url\":\"http:\/\/hans-igel.de\/?page_id=240\",\"name\":\"Gr\u00fcndet Inklusionstheater! - Hans Igel\",\"isPartOf\":{\"@id\":\"https:\/\/hans-igel.de\/#website\"},\"datePublished\":\"2016-05-18T07:51:31+00:00\",\"dateModified\":\"2022-05-02T17:54:51+00:00\",\"breadcrumb\":{\"@id\":\"http:\/\/hans-igel.de\/?page_id=240#breadcrumb\"},\"inLanguage\":\"de\",\"potentialAction\":[{\"@type\":\"ReadAction\",\"target\":[\"http:\/\/hans-igel.de\/?page_id=240\"]}]},{\"@type\":\"BreadcrumbList\",\"@id\":\"http:\/\/hans-igel.de\/?page_id=240#breadcrumb\",\"itemListElement\":[{\"@type\":\"ListItem\",\"position\":1,\"name\":\"Startseite\",\"item\":\"https:\/\/hans-igel.de\/\"},{\"@type\":\"ListItem\",\"position\":2,\"name\":\"Gr\u00fcndet Inklusionstheater!\"}]},{\"@type\":\"WebSite\",\"@id\":\"https:\/\/hans-igel.de\/#website\",\"url\":\"https:\/\/hans-igel.de\/\",\"name\":\"Hans Igel\",\"description\":\"Verein f\u00fcr Inklusion &amp; Theater e. V. wurde 2008 in Potsdam gegr\u00fcndet und f\u00fchrt Theaterprojekte mit inklusivem Charakter durch.\",\"potentialAction\":[{\"@type\":\"SearchAction\",\"target\":{\"@type\":\"EntryPoint\",\"urlTemplate\":\"https:\/\/hans-igel.de\/?s={search_term_string}\"},\"query-input\":{\"@type\":\"PropertyValueSpecification\",\"valueRequired\":true,\"valueName\":\"search_term_string\"}}],\"inLanguage\":\"de\"}]}<\/script>\n<!-- \/ Yoast SEO plugin. -->","yoast_head_json":{"title":"Gr\u00fcndet Inklusionstheater! - Hans Igel","robots":{"index":"index","follow":"follow","max-snippet":"max-snippet:-1","max-image-preview":"max-image-preview:large","max-video-preview":"max-video-preview:-1"},"canonical":"http:\/\/hans-igel.de\/?page_id=240","og_locale":"de_DE","og_type":"article","og_title":"Gr\u00fcndet Inklusionstheater! - Hans Igel","og_description":"&nbsp; Inklu\u00adsi\u00adons\u00adthea\u00adter ist Thea\u00adter f\u00fcr ein viel\u00adf\u00e4l\u00adti\u00adges, neu\u00adgie\u00adri\u00adges und soli\u00adda\u00adri\u00adsches Mit\u00adein\u00adan\u00adder in unse\u00adrem Land. Inklu\u00adsi\u00adons\u00adthea\u00adter lebt durch die Unter\u00adschied\u00adlich\u00adkeit sei\u00adner Teil\u00adneh\u00adme\u00adrIn\u00adnen und schafft Thea\u00adter\u00adauf\u00adf\u00fch\u00adrun\u00adgen, die die\u00adse Viel\u00adfalt als gro\u00ad\u00dfen Reich\u00adtum \u201eauf die Bret\u00adter\u201d brin\u00adgen und erleb\u00adbar machen. Die Wirt\u00adschaft hat nat\u00fcr\u00adlich schon lan\u00adge ent\u00addeckt, dass Teams nach sog. \u201eDiversity\u201d-Prinzipien inno\u00adva\u00adti\u00adver, pro\u00adduk\u00adti\u00adver und schnel\u00adler arbei\u00adten, als &hellip; Gr\u00fcndet Inklusionstheater! weiterlesen &rarr;","og_url":"http:\/\/hans-igel.de\/?page_id=240","og_site_name":"Hans Igel","article_modified_time":"2022-05-02T17:54:51+00:00","twitter_card":"summary_large_image","twitter_misc":{"Gesch\u00e4tzte Lesezeit":"4\u00a0Minuten"},"schema":{"@context":"https:\/\/schema.org","@graph":[{"@type":"WebPage","@id":"http:\/\/hans-igel.de\/?page_id=240","url":"http:\/\/hans-igel.de\/?page_id=240","name":"Gr\u00fcndet Inklusionstheater! - Hans Igel","isPartOf":{"@id":"https:\/\/hans-igel.de\/#website"},"datePublished":"2016-05-18T07:51:31+00:00","dateModified":"2022-05-02T17:54:51+00:00","breadcrumb":{"@id":"http:\/\/hans-igel.de\/?page_id=240#breadcrumb"},"inLanguage":"de","potentialAction":[{"@type":"ReadAction","target":["http:\/\/hans-igel.de\/?page_id=240"]}]},{"@type":"BreadcrumbList","@id":"http:\/\/hans-igel.de\/?page_id=240#breadcrumb","itemListElement":[{"@type":"ListItem","position":1,"name":"Startseite","item":"https:\/\/hans-igel.de\/"},{"@type":"ListItem","position":2,"name":"Gr\u00fcndet Inklusionstheater!"}]},{"@type":"WebSite","@id":"https:\/\/hans-igel.de\/#website","url":"https:\/\/hans-igel.de\/","name":"Hans Igel","description":"Verein f\u00fcr Inklusion &amp; Theater e. V. wurde 2008 in Potsdam gegr\u00fcndet und f\u00fchrt Theaterprojekte mit inklusivem Charakter durch.","potentialAction":[{"@type":"SearchAction","target":{"@type":"EntryPoint","urlTemplate":"https:\/\/hans-igel.de\/?s={search_term_string}"},"query-input":{"@type":"PropertyValueSpecification","valueRequired":true,"valueName":"search_term_string"}}],"inLanguage":"de"}]}},"jetpack_sharing_enabled":true,"_links":{"self":[{"href":"https:\/\/hans-igel.de\/index.php?rest_route=\/wp\/v2\/pages\/240"}],"collection":[{"href":"https:\/\/hans-igel.de\/index.php?rest_route=\/wp\/v2\/pages"}],"about":[{"href":"https:\/\/hans-igel.de\/index.php?rest_route=\/wp\/v2\/types\/page"}],"author":[{"embeddable":true,"href":"https:\/\/hans-igel.de\/index.php?rest_route=\/wp\/v2\/users\/1"}],"replies":[{"embeddable":true,"href":"https:\/\/hans-igel.de\/index.php?rest_route=%2Fwp%2Fv2%2Fcomments&post=240"}],"version-history":[{"count":7,"href":"https:\/\/hans-igel.de\/index.php?rest_route=\/wp\/v2\/pages\/240\/revisions"}],"predecessor-version":[{"id":468,"href":"https:\/\/hans-igel.de\/index.php?rest_route=\/wp\/v2\/pages\/240\/revisions\/468"}],"wp:attachment":[{"href":"https:\/\/hans-igel.de\/index.php?rest_route=%2Fwp%2Fv2%2Fmedia&parent=240"}],"curies":[{"name":"wp","href":"https:\/\/api.w.org\/{rel}","templated":true}]}}