{"id":60,"date":"2016-05-10T10:35:22","date_gmt":"2016-05-10T10:35:22","guid":{"rendered":"http:\/\/probelauf.textur-buero.de\/?page_id=60"},"modified":"2025-03-12T18:54:50","modified_gmt":"2025-03-12T18:54:50","slug":"konferenz-der-tiere","status":"publish","type":"page","link":"http:\/\/hans-igel.de\/?page_id=60","title":{"rendered":"Konferenz der&nbsp;Tiere"},"content":{"rendered":"<p><strong>Papier\u00adwerk\u00adstatt mit Pflegekindern<\/strong><\/p>\n<p>Kin\u00adder aus Pots\u00adda\u00admer Pfle\u00adge\u00adfa\u00admi\u00adli\u00aden setz\u00adten sich in die\u00adsem drei\u00admo\u00adna\u00adti\u00adgem Bas\u00adtel- und Spiel\u00adpro\u00adjekt mit ihrer eige\u00adnen Situa\u00adti\u00adon aus\u00adein\u00adan\u00adder: Wie f\u00fchlt es sich an, wenn man als Affen\u00adkind pl\u00f6tz\u00adlich bei Giraf\u00adfen&nbsp;lebt?<\/p>\n<p>In einer Papier\u00adwerk\u00adstatt wur\u00adden Tier\u00adk\u00f6p\u00adfe aus Papp\u00adma\u00adch\u00e9 geklebt, aus far\u00adbi\u00adgen Stof\u00adfen ent\u00adstan\u00adden die dazu\u00adge\u00adh\u00f6\u00adri\u00adgen Kos\u00adt\u00fc\u00adme und bei der abschlie\u00ad\u00dfen\u00adden \u201eKon\u00adfe\u00adrenz der Tie\u00adre\u201c tra\u00adfen sich K\u00f6nigs\u00adpin\u00adgu\u00adin, L\u00f6we, Eis\u00adb\u00e4r, Sau\u00adri\u00ader, Rabe, Affe und Wild\u00adpferd und erz\u00e4hl\u00adten, was sie alles bei ihren neu\u00aden Fami\u00adli\u00aden erlebt hatten.<\/p>\n<p><code>\t\n\t\t\n\t<\/code><\/p><div id=\"meteor-slideshowkonferenz-der-tiere\" class=\"meteor-slides konferenz-der-tiere navpaged { next: '#meteor-nextkonferenz-der-tiere', prev: '#meteor-prevkonferenz-der-tiere', pager: '#meteor-buttonskonferenz-der-tiere' }\">\n\t\n\t\t\t\n\t\t\t\n\t\t\t<div id=\"meteor-buttonskonferenz-der-tiere\" class=\"meteor-buttons\"><\/div>\n\t\t\t\n\t\t\t\t\n\t\t\t\n\t\t<div class=\"meteor-clip\">\n\t\n\t\t\t\t\n\t\t\t<img decoding=\"async\" style=\"visibility: hidden;\" class=\"meteor-shim\" src=\"http:\/\/hans-igel.de\/wp-content\/uploads\/2016\/05\/awo2-940x400.jpg\" alt>\n\t\t\t<div class=\"mslide mslide-1\">\n\t\t\t\t\n\t\t\t\t\t\t\t\t\t\n\t\t\t\t\t<img loading=\"lazy\" decoding=\"async\" width=\"900\" height=\"383\" src=\"http:\/\/hans-igel.de\/wp-content\/uploads\/2016\/05\/awo2-940x400.jpg\" class=\"attachment-featured-slide size-featured-slide wp-post-image\" alt title=\"Konferenz der&nbsp;Tiere\">\t\t\t\t\t\n\t\t\t\t\t\t\t\n\t\t\t<\/div><!-- .mslide -->\n\t\t\t\n\t\t\t\t\t\t\n\t\t\t\t\n\t\t\t\n\t\t\t<div class=\"mslide mslide-2\">\n\t\t\t\t\n\t\t\t\t\t\t\t\t\t\n\t\t\t\t\t<img loading=\"lazy\" decoding=\"async\" width=\"900\" height=\"400\" src=\"http:\/\/hans-igel.de\/wp-content\/uploads\/2016\/05\/037_34-900x400.jpg\" class=\"attachment-featured-slide size-featured-slide wp-post-image\" alt title=\"Konferenz der&nbsp;Tiere\">\t\t\t\t\t\n\t\t\t\t\t\t\t\n\t\t\t<\/div><!-- .mslide -->\n\t\t\t\n\t\t\t\t\t\t\n\t\t\t\t\n\t\t\t\n\t\t\t<div class=\"mslide mslide-3\">\n\t\t\t\t\n\t\t\t\t\t\t\t\t\t\n\t\t\t\t\t<img loading=\"lazy\" decoding=\"async\" width=\"900\" height=\"400\" src=\"http:\/\/hans-igel.de\/wp-content\/uploads\/2016\/05\/024_21A-900x400.jpg\" class=\"attachment-featured-slide size-featured-slide wp-post-image\" alt title=\"Konferenz der&nbsp;Tiere\">\t\t\t\t\t\n\t\t\t\t\t\t\t\n\t\t\t<\/div><!-- .mslide -->\n\t\t\t\n\t\t\t\t\t\t\n\t\t\t\t\n\t\t\t\n\t\t\t<div class=\"mslide mslide-4\">\n\t\t\t\t\n\t\t\t\t\t\t\t\t\t\n\t\t\t\t\t<img loading=\"lazy\" decoding=\"async\" width=\"900\" height=\"400\" src=\"http:\/\/hans-igel.de\/wp-content\/uploads\/2016\/05\/019_16A-900x400.jpg\" class=\"attachment-featured-slide size-featured-slide wp-post-image\" alt title=\"Konferenz der&nbsp;Tiere\">\t\t\t\t\t\n\t\t\t\t\t\t\t\n\t\t\t<\/div><!-- .mslide -->\n\t\t\t\n\t\t\t\t\t\t\n\t\t\t\t\n\t\t\t\n\t\t\t<div class=\"mslide mslide-5\">\n\t\t\t\t\n\t\t\t\t\t\t\t\t\t\n\t\t\t\t\t<img loading=\"lazy\" decoding=\"async\" width=\"900\" height=\"400\" src=\"http:\/\/hans-igel.de\/wp-content\/uploads\/2016\/05\/015_12-900x400.jpg\" class=\"attachment-featured-slide size-featured-slide wp-post-image\" alt title=\"Konferenz der&nbsp;Tiere\">\t\t\t\t\t\n\t\t\t\t\t\t\t\n\t\t\t<\/div><!-- .mslide -->\n\t\t\t\n\t\t\t\t\t\t\n\t\t\t\t\n\t\t<\/div><!-- .meteor-clip -->\n\t\t\t\t\n\t\t\t\t\t\n\t<\/div><!-- .meteor-slides -->\n\t\n\t\n<p><code><\/code>Mit den Kin\u00addern im Alter von 5 bis 14 kleb\u00adten, mal\u00adten, n\u00e4h\u00adten, spiel\u00adten, tob\u00adten, san\u00adgen und fei\u00ader\u00adten die Krea\u00adtiv\u00adp\u00e4d\u00adago\u00adgin Ilo\u00adna Dre\u00adscher, die Plas\u00adti\u00adke\u00adrin Bar\u00adba\u00adra Ill\u00admer, die Clow\u00adnIn\u00adnen Hel\u00adla Pro\u00adpel\u00adla (Nico\u00adla Streif\u00adler), Fifi (Cari\u00adne Lim\u00adbosch) und Mat\u00adti (Mat\u00adthi\u00adas Opitz) sowie Pro\u00adjekt\u00adlei\u00adte\u00adrin Astrid Priebs-Tr\u00f6ger.<\/p>\n<p>Das Pro\u00adjekt wur\u00adde gef\u00f6r\u00addert von der <a href=\"http:\/\/vv.potsdam.de\/vv\/oe\/173010100000007848.php\" target=\"_blank\" rel=\"noopener\">Lan\u00addes\u00adhaupt\u00adstadt Pots\u00addam<\/a>, Fach\u00adbe\u00adreich Kin\u00adder, Jugend und Fami\u00adlie. Es ent\u00adstand in Koope\u00adra\u00adti\u00adon mit der <a href=\"http:\/\/www.awo-potsdam.de\/\" target=\"_blank\" rel=\"noopener\"><span class=\"caps\">AWO<\/span>, Bezirks\u00adver\u00adband Pots\u00addam<\/a> e. V. und dem <a href=\"http:\/\/www.pfad-bb.de\/\" target=\"_blank\" rel=\"noopener\">Ver\u00adein Pfad f\u00fcr Kin\u00adder,<\/a> Orts\u00adver\u00adein Pots\u00addam und Umge\u00adbung e.&nbsp;V.<\/p>\n<p><span style=\"color: #008000;\"><span class=\"dquo\">\u201e<\/span>Das Pro\u00adjekt f\u00fchlt sich gut an, die Kin\u00adder wer\u00adden so genom\u00admen, wie sie sind \u2026 Es ist erstaun\u00adlich, wohin sie sich mit\u00adneh\u00admen las\u00adsen und was sie zustan\u00adde krie\u00adgen \u2026\u201c (Pfle\u00adge\u00admut\u00adter)<\/span><\/p>\n<p>Die Pro\u00adjekt\u00addo\u00adku\u00admen\u00adta\u00adti\u00adon fin\u00adden Sie hier:&nbsp;&nbsp;<a href=\"http:\/\/probelauf.textur-buero.de\/wp-content\/uploads\/2016\/05\/D3-BROSCH\u00dcRE-Pflegekinder.pdf\" target=\"_blank\" rel=\"noopener\"> <span class=\"caps\">BROSCH\u00dcRE<\/span> Pflegekinder<\/a><\/p>\n<p>(2009)<\/p>\n<p><strong>&nbsp;&nbsp;&nbsp;&nbsp;&nbsp;&nbsp;&nbsp;&nbsp;&nbsp;&nbsp;&nbsp;&nbsp;&nbsp;&nbsp;&nbsp;&nbsp;&nbsp;&nbsp;&nbsp;&nbsp;&nbsp;&nbsp;&nbsp;&nbsp;&nbsp;&nbsp;&nbsp;&nbsp;&nbsp;&nbsp;&nbsp;&nbsp;&nbsp;&nbsp;&nbsp;&nbsp;&nbsp;&nbsp;&nbsp;&nbsp;&nbsp;&nbsp;&nbsp;&nbsp;&nbsp;&nbsp;&nbsp;&nbsp;&nbsp;&nbsp;&nbsp;&nbsp;&nbsp;&nbsp;&nbsp;&nbsp;&nbsp;&nbsp;&nbsp;&nbsp;&nbsp;&nbsp;&nbsp;&nbsp;&nbsp;&nbsp;&nbsp;&nbsp;&nbsp;&nbsp;&nbsp;&nbsp;&nbsp;&nbsp;&nbsp;&nbsp;&nbsp;&nbsp;&nbsp;&nbsp;&nbsp;&nbsp;&nbsp;&nbsp;&nbsp;&nbsp;&nbsp;&nbsp;&nbsp;&nbsp;&nbsp;&nbsp;&nbsp;&nbsp;&nbsp;&nbsp;&nbsp;&nbsp;&nbsp;&nbsp;&nbsp;&nbsp;&nbsp;&nbsp;&nbsp;&nbsp;&nbsp;&nbsp;&nbsp;&nbsp;&nbsp;&nbsp;&nbsp; &nbsp;&nbsp;&nbsp;&nbsp;&nbsp;&nbsp;&nbsp;&nbsp; <\/strong><\/p>\n","protected":false},"excerpt":{"rendered":"<p>Papier\u00adwerk\u00adstatt mit Pfle\u00adge\u00adkin\u00addern Kin\u00adder aus Pots\u00adda\u00admer Pfle\u00adge\u00adfa\u00admi\u00adli\u00aden setz\u00adten sich in die\u00adsem drei\u00admo\u00adna\u00adti\u00adgem Bas\u00ad\u00adtel- und Spiel\u00adpro\u00adjekt mit ihrer eige\u00adnen Situa\u00adti\u00adon aus\u00adein\u00adan\u00adder: Wie f\u00fchlt es sich an, wenn man als Affen\u00adkind pl\u00f6tz\u00adlich bei Giraf\u00adfen&nbsp;lebt? In einer Papier\u00adwerk\u00adstatt wur\u00adden Tier\u00adk\u00f6p\u00adfe aus Papp\u00adma\u00adch\u00e9 geklebt, aus far\u00adbi\u00adgen Stof\u00adfen ent\u00adstan\u00adden die dazu\u00adge\u00adh\u00f6\u00adri\u00adgen Kos\u00adt\u00fc\u00adme und bei der abschlie\u00ad\u00dfen\u00adden \u201eKon\u00adfe\u00adrenz der Tie\u00adre\u201c tra\u00adfen \u2026 <a href=\"http:\/\/hans-igel.de\/?page_id=60\" class=\"more-link\"><span class=\"screen-reader-text\">Kon\u00adfe\u00adrenz der&nbsp;Tie\u00adre<\/span> wei\u00adter\u00adle\u00adsen <span class=\"meta-nav\">\u2192<\/span><\/a><\/p>\n","protected":false},"author":1,"featured_media":0,"parent":0,"menu_order":0,"comment_status":"closed","ping_status":"closed","template":"","meta":{"sfsi_plus_gutenberg_text_before_share":"","sfsi_plus_gutenberg_show_text_before_share":"","sfsi_plus_gutenberg_icon_type":"","sfsi_plus_gutenberg_icon_alignemt":"","sfsi_plus_gutenburg_max_per_row":"","wp_typography_post_enhancements_disabled":false,"footnotes":""},"class_list":["post-60","page","type-page","status-publish","hentry"],"yoast_head":"<!-- This site is optimized with the Yoast SEO plugin v24.7 - https:\/\/yoast.com\/wordpress\/plugins\/seo\/ -->\n<title>Hans Igel - Papierwerkstatt mit Pflegekindern<\/title>\n<meta name=\"description\" content=\"Kinder aus Potsdamer Pflegefamilien setzten sich in diesem Spiel- und Bastelprojekt mit ihrer eigenen Situation auseinander.\" \/>\n<meta name=\"robots\" content=\"index, follow, max-snippet:-1, max-image-preview:large, max-video-preview:-1\" \/>\n<link rel=\"canonical\" href=\"http:\/\/hans-igel.de\/?page_id=60\" \/>\n<meta property=\"og:locale\" content=\"de_DE\" \/>\n<meta property=\"og:type\" content=\"article\" \/>\n<meta property=\"og:title\" content=\"Hans Igel - Papierwerkstatt mit Pflegekindern\" \/>\n<meta property=\"og:description\" content=\"Kinder aus Potsdamer Pflegefamilien setzten sich in diesem Spiel- und Bastelprojekt mit ihrer eigenen Situation auseinander.\" \/>\n<meta property=\"og:url\" content=\"http:\/\/hans-igel.de\/?page_id=60\" \/>\n<meta property=\"og:site_name\" content=\"Hans Igel\" \/>\n<meta property=\"article:modified_time\" content=\"2025-03-12T18:54:50+00:00\" \/>\n<meta name=\"twitter:card\" content=\"summary_large_image\" \/>\n<meta name=\"twitter:label1\" content=\"Gesch\u00e4tzte Lesezeit\" \/>\n\t<meta name=\"twitter:data1\" content=\"2\u00a0Minuten\" \/>\n<script type=\"application\/ld+json\" class=\"yoast-schema-graph\">{\"@context\":\"https:\/\/schema.org\",\"@graph\":[{\"@type\":\"WebPage\",\"@id\":\"http:\/\/hans-igel.de\/?page_id=60\",\"url\":\"http:\/\/hans-igel.de\/?page_id=60\",\"name\":\"Hans Igel - Papierwerkstatt mit Pflegekindern\",\"isPartOf\":{\"@id\":\"http:\/\/hans-igel.de\/#website\"},\"datePublished\":\"2016-05-10T10:35:22+00:00\",\"dateModified\":\"2025-03-12T18:54:50+00:00\",\"description\":\"Kinder aus Potsdamer Pflegefamilien setzten sich in diesem Spiel- und Bastelprojekt mit ihrer eigenen Situation auseinander.\",\"breadcrumb\":{\"@id\":\"http:\/\/hans-igel.de\/?page_id=60#breadcrumb\"},\"inLanguage\":\"de\",\"potentialAction\":[{\"@type\":\"ReadAction\",\"target\":[\"http:\/\/hans-igel.de\/?page_id=60\"]}]},{\"@type\":\"BreadcrumbList\",\"@id\":\"http:\/\/hans-igel.de\/?page_id=60#breadcrumb\",\"itemListElement\":[{\"@type\":\"ListItem\",\"position\":1,\"name\":\"Startseite\",\"item\":\"http:\/\/hans-igel.de\/\"},{\"@type\":\"ListItem\",\"position\":2,\"name\":\"Konferenz der&nbsp;Tiere\"}]},{\"@type\":\"WebSite\",\"@id\":\"http:\/\/hans-igel.de\/#website\",\"url\":\"http:\/\/hans-igel.de\/\",\"name\":\"Hans Igel\",\"description\":\"Verein f\u00fcr Inklusion &amp; Theater e. V. wurde 2008 in Potsdam gegr\u00fcndet und f\u00fchrt Theaterprojekte mit inklusivem Charakter durch.\",\"potentialAction\":[{\"@type\":\"SearchAction\",\"target\":{\"@type\":\"EntryPoint\",\"urlTemplate\":\"http:\/\/hans-igel.de\/?s={search_term_string}\"},\"query-input\":{\"@type\":\"PropertyValueSpecification\",\"valueRequired\":true,\"valueName\":\"search_term_string\"}}],\"inLanguage\":\"de\"}]}<\/script>\n<!-- \/ Yoast SEO plugin. -->","yoast_head_json":{"title":"Hans Igel - Papierwerkstatt mit Pflegekindern","description":"Kinder aus Potsdamer Pflegefamilien setzten sich in diesem Spiel- und Bastelprojekt mit ihrer eigenen Situation auseinander.","robots":{"index":"index","follow":"follow","max-snippet":"max-snippet:-1","max-image-preview":"max-image-preview:large","max-video-preview":"max-video-preview:-1"},"canonical":"http:\/\/hans-igel.de\/?page_id=60","og_locale":"de_DE","og_type":"article","og_title":"Hans Igel - Papierwerkstatt mit Pflegekindern","og_description":"Kinder aus Potsdamer Pflegefamilien setzten sich in diesem Spiel- und Bastelprojekt mit ihrer eigenen Situation auseinander.","og_url":"http:\/\/hans-igel.de\/?page_id=60","og_site_name":"Hans Igel","article_modified_time":"2025-03-12T18:54:50+00:00","twitter_card":"summary_large_image","twitter_misc":{"Gesch\u00e4tzte Lesezeit":"2\u00a0Minuten"},"schema":{"@context":"https:\/\/schema.org","@graph":[{"@type":"WebPage","@id":"http:\/\/hans-igel.de\/?page_id=60","url":"http:\/\/hans-igel.de\/?page_id=60","name":"Hans Igel - Papierwerkstatt mit Pflegekindern","isPartOf":{"@id":"http:\/\/hans-igel.de\/#website"},"datePublished":"2016-05-10T10:35:22+00:00","dateModified":"2025-03-12T18:54:50+00:00","description":"Kinder aus Potsdamer Pflegefamilien setzten sich in diesem Spiel- und Bastelprojekt mit ihrer eigenen Situation auseinander.","breadcrumb":{"@id":"http:\/\/hans-igel.de\/?page_id=60#breadcrumb"},"inLanguage":"de","potentialAction":[{"@type":"ReadAction","target":["http:\/\/hans-igel.de\/?page_id=60"]}]},{"@type":"BreadcrumbList","@id":"http:\/\/hans-igel.de\/?page_id=60#breadcrumb","itemListElement":[{"@type":"ListItem","position":1,"name":"Startseite","item":"http:\/\/hans-igel.de\/"},{"@type":"ListItem","position":2,"name":"Konferenz der&nbsp;Tiere"}]},{"@type":"WebSite","@id":"http:\/\/hans-igel.de\/#website","url":"http:\/\/hans-igel.de\/","name":"Hans Igel","description":"Verein f\u00fcr Inklusion &amp; Theater e. V. wurde 2008 in Potsdam gegr\u00fcndet und f\u00fchrt Theaterprojekte mit inklusivem Charakter durch.","potentialAction":[{"@type":"SearchAction","target":{"@type":"EntryPoint","urlTemplate":"http:\/\/hans-igel.de\/?s={search_term_string}"},"query-input":{"@type":"PropertyValueSpecification","valueRequired":true,"valueName":"search_term_string"}}],"inLanguage":"de"}]}},"jetpack_sharing_enabled":true,"_links":{"self":[{"href":"http:\/\/hans-igel.de\/index.php?rest_route=\/wp\/v2\/pages\/60"}],"collection":[{"href":"http:\/\/hans-igel.de\/index.php?rest_route=\/wp\/v2\/pages"}],"about":[{"href":"http:\/\/hans-igel.de\/index.php?rest_route=\/wp\/v2\/types\/page"}],"author":[{"embeddable":true,"href":"http:\/\/hans-igel.de\/index.php?rest_route=\/wp\/v2\/users\/1"}],"replies":[{"embeddable":true,"href":"http:\/\/hans-igel.de\/index.php?rest_route=%2Fwp%2Fv2%2Fcomments&post=60"}],"version-history":[{"count":28,"href":"http:\/\/hans-igel.de\/index.php?rest_route=\/wp\/v2\/pages\/60\/revisions"}],"predecessor-version":[{"id":526,"href":"http:\/\/hans-igel.de\/index.php?rest_route=\/wp\/v2\/pages\/60\/revisions\/526"}],"wp:attachment":[{"href":"http:\/\/hans-igel.de\/index.php?rest_route=%2Fwp%2Fv2%2Fmedia&parent=60"}],"curies":[{"name":"wp","href":"https:\/\/api.w.org\/{rel}","templated":true}]}}