{"id":54,"date":"2016-05-10T09:10:26","date_gmt":"2016-05-10T09:10:26","guid":{"rendered":"http:\/\/probelauf.textur-buero.de\/?page_id=54"},"modified":"2025-10-15T11:41:03","modified_gmt":"2025-10-15T11:41:03","slug":"aktuelles","status":"publish","type":"page","link":"http:\/\/hans-igel.de\/","title":{"rendered":"Aktuelles"},"content":{"rendered":"\n<p><\/p>\n\n\n\n<p class=\"has-green-color has-text-color has-link-color has-medium-font-size wp-elements-d97f992bc049994d34784fc5a6b3028a\"><strong>Alle Nasen \u2013 Clow\u00adne\u00adrie\u00adwork\u00adshop und Zukunftswerkstatt<\/strong><\/p>\n\n\n\n<p>Was ist lus\u00adtig? Oder selt\u00adsam? Und wer ist hier komisch? Die\u00adser Work\u00adshop bie\u00adtet dir einen Ein\u00adstieg in die Kunst der Clow\u00adne\u00adrie. <strong>Clow\u00adne\u00adrie-Work\u00adshop<\/strong> am 15.11. von 10:30 \u2013 17 Uhr im Cir\u00adcus Mon\u00adteli\u00adno mit Kar\u00adlot\u00adta Lorenz - Sozi\u00adal\u00adp\u00e4d\u00adago\u00adgin, Zir\u00adkus- und Thea\u00adter\u00adp\u00e4d\u00adago\u00adgin (<span class=\"caps\">BUT<\/span>). <\/p>\n\n\n\n<p class=\"has-medium-gray-color has-text-color has-link-color wp-elements-983b7807ffde321b72f3d2619acfc41f\">An ers\u00adter Stel\u00adle steht der Spa\u00df mit\u00adein\u00adan\u00adder, eben\u00adso wie die Acht\u00adsam\u00adkeit dir selbst und den ande\u00adren Teil\u00adneh\u00admen\u00adden gegen\u00ad\u00fcber. Die Leit\u00adfra\u00adge k\u00f6nn\u00adte sein: Was wirkt auf mich komisch? Was braucht es, um mich sicher auf der B\u00fch\u00adne zu f\u00fch\u00adlen? Und erfahr\u00adbar wer\u00adden soll, wie Komik erzeugt wer\u00adden kann in klei\u00adnen Momen\u00adten des gemein\u00adsa\u00admen sze\u00adni\u00adschen Spiels mit bei\u00adspiels\u00adwei\u00adse Eigen\u00adart, dem Zei\u00adgen und Dar\u00adstel\u00adlen von Gef\u00fch\u00adlen und \u00dcbertreibung.<\/p>\n\n\n\n<p>Alle Teil\u00adneh\u00admen\u00adden und Inter\u00ades\u00adsier\u00adten sind au\u00dfer\u00addem ein\u00adge\u00adla\u00adden zur <strong>Zukunfts\u00adwerk\u00adstatt<\/strong> f\u00fcr Hans Igel e.V. am 28.11. von 16 - 18:30 Uhr im Caf\u00e9 Inte\u00adgra. Wel\u00adche Pro\u00adjek\u00adte wol\u00adlen wir n\u00e4chs\u00adtes Jahr umset\u00adzen? Wir sam\u00admeln zusam\u00admen&nbsp;Ideen.<\/p>\n\n\n\n<p>Anmel\u00addung und Fra\u00adgen bit\u00adte an <a href=\"mailto:hallo@hans-igel.de\">hallo@hans-igel.de<\/a>.<\/p>\n\n\n\n<div class=\"wp-block-group\"><div class=\"wp-block-group__inner-container is-layout-constrained wp-block-group-is-layout-constrained\">\n<figure class=\"wp-block-image size-full is-resized\"><img loading=\"lazy\" decoding=\"async\" width=\"500\" height=\"197\" src=\"http:\/\/hans-igel.de\/wp-content\/uploads\/2025\/10\/2023_DSEE_Gefoerdert_Logo_2zlg_RGB_Kreis_Schwarze-Schrift_500px.png\" alt=\"Gef\u00f6rdert durch - Logo Deutsche Stiftung f\u00fcr Engagement und Ehrenamt\" class=\"wp-image-545\" style=\"width:397px;height:auto\" srcset=\"http:\/\/hans-igel.de\/wp-content\/uploads\/2025\/10\/2023_DSEE_Gefoerdert_Logo_2zlg_RGB_Kreis_Schwarze-Schrift_500px.png 500w, http:\/\/hans-igel.de\/wp-content\/uploads\/2025\/10\/2023_DSEE_Gefoerdert_Logo_2zlg_RGB_Kreis_Schwarze-Schrift_500px-300x118.png 300w, http:\/\/hans-igel.de\/wp-content\/uploads\/2025\/10\/2023_DSEE_Gefoerdert_Logo_2zlg_RGB_Kreis_Schwarze-Schrift_500px-250x99.png 250w\" sizes=\"(max-width: 500px) 100vw, 500px\"><\/figure>\n<\/div><\/div>\n\n\n\n<p><span class=\"dquo\">\u201e<\/span><em>Alle Nasen\u201c wird gef\u00f6r\u00addert durch die <span class=\"caps\">DSEE<\/span> im Rah\u00admen des Mikro\u00adf\u00f6r\u00adder\u00adpro\u00adgramms \u201eEhren\u00adamt gewin\u00adnen. Enga\u00adge\u00adment bin\u00adden. Zivil\u00adge\u00adsell\u00adschaft st\u00e4rken.\u201c<\/em><\/p>\n\n\n\n<hr class=\"wp-block-separator has-text-color has-green-color has-alpha-channel-opacity has-green-background-color has-background is-style-wide\">\n\n\n\n<div class=\"wp-block-group\"><div class=\"wp-block-group__inner-container is-layout-constrained wp-block-group-is-layout-constrained\">\n<blockquote class=\"wp-block-quote is-layout-flow wp-block-quote-is-layout-flow\">\n<p class=\"has-green-color has-text-color has-link-color has-medium-font-size wp-elements-e722b3f0fe31cc50b619b9e99c01679a\"><em><strong><span class=\"caps\">DAZWISCHEN<\/span> <span class=\"caps\">RAUM<\/span><\/strong><\/em><\/p>\n\n\n\n<p>Was ist Tanz?<br>Tanz ist Bewe\u00adgung im Raum.<br>Die\u00adsen Raum tei\u00adlen wir alle mit\u00adein\u00adan\u00adder.<br>Wie gestal\u00adten wir den Raum zwi\u00adschen uns?<br>Wie bewe\u00adgen wir uns auf\u00adein\u00adan\u00adder zu oder von\u00adein\u00adan\u00adder weg?<br>Wir f\u00fcl\u00adlen den Raum gemein\u00adsam mit unse\u00adren Bewe\u00adgun\u00adgen - bis wir tanzen.<\/p>\n<\/blockquote>\n\n\n\n<p>Am 6. und 7. Dezem\u00adber fin\u00addet unser Work\u00adshop <strong><span class=\"caps\">DAZWISCHEN<\/span> <span class=\"caps\">RAUM<\/span> <\/strong>mit Odi\u00adle Seitz-Wal\u00adser in der fabrik in Pots\u00addam statt. Alle Infos gibt es <a href=\"https:\/\/www.fabrikpotsdam.de\/workshop\/1580\">hier<\/a>. <\/p>\n\n\n\n<hr class=\"wp-block-separator aligncenter has-text-color has-green-color has-alpha-channel-opacity has-green-background-color has-background is-style-wide\">\n<\/div><\/div>\n\n\n\n<div class=\"wp-block-group\"><div class=\"wp-block-group__inner-container is-layout-constrained wp-block-group-is-layout-constrained\">\n<div class=\"wp-block-group\"><div class=\"wp-block-group__inner-container is-layout-constrained wp-block-group-is-layout-constrained\">\n<p><\/p>\n<\/div><\/div>\n<\/div><\/div>\n\n\n\n<p><\/p>\n\n\n\n<p><\/p>\n\n\n\n<h5 class=\"wp-block-heading\"><img loading=\"lazy\" decoding=\"async\" class=\"alignnone size-full wp-image-470\" src=\"http:\/\/hans-igel.de\/wp-content\/uploads\/2022\/05\/safe_image.php_.jpg\" alt width=\"500\" height=\"261\" srcset=\"http:\/\/hans-igel.de\/wp-content\/uploads\/2022\/05\/safe_image.php_.jpg 500w, http:\/\/hans-igel.de\/wp-content\/uploads\/2022\/05\/safe_image.php_-300x157.jpg 300w, http:\/\/hans-igel.de\/wp-content\/uploads\/2022\/05\/safe_image.php_-250x131.jpg 250w\" sizes=\"(max-width: 500px) 100vw, 500px\"><\/h5>\n\n\n\n<p>Am 31. Mai 2022 haben wir den 1. Inklu\u00adsi\u00adons\u00adpreis der Lan\u00addes\u00adhaupt\u00adstadt Pots\u00addam gewonnen.<\/p>\n\n\n\n<p><a href=\"https:\/\/www.potsdam.de\/270-feierliche-verleihung-des-ersten-potsdamer-inklusionspreises?fbclid=IwAR2uOxEgKgXMmmuWPqwrfPk14Q3LsyRi_6d3ooNOZxDEDcgE_SMdMMiSzjQ\" target=\"_blank\" rel=\"noopener noreferrer\">Hier <\/a>gibt es einen Bericht \u00fcber die fei\u00ader\u00adli\u00adche Preisverleihung&nbsp;\u2026<\/p>\n\n\n\n<p>&nbsp;<\/p>\n\n\n\n<p><\/p>\n\n\n\n<hr class=\"wp-block-separator has-text-color has-black-color has-alpha-channel-opacity has-black-background-color has-background is-style-wide\">\n\n\n\n<blockquote class=\"wp-block-quote is-layout-flow wp-block-quote-is-layout-flow\">\n<h3 class=\"wp-block-heading\">Die Mitglieder und Freunde von Hans Igel - Verein f\u00fcr Inklusion und Theater e. V. trauern um ihren Mitgr\u00fcnder, Gesch\u00e4ftsf\u00fchrer und Projektleiter Axel Tr\u00f6ger, der am 18. Juli 2024 in Potsdam gestorben ist.<\/h3>\n\n\n\n<h3 class=\"wp-block-heading\"><span class=\"caps\">WIR<\/span> sagen <span class=\"caps\">DANKE<\/span> f\u00fcr alles, was Axel Tr\u00f6ger mit seinen engagierten Theaterprojekten f\u00fcr die Inklusion in Potsdam in zwei Jahrzehnten getan und erreicht hat.<\/h3>\n\n\n\n<hr class=\"wp-block-separator has-text-color has-black-color has-alpha-channel-opacity has-black-background-color has-background is-style-wide\">\n\n\n\n<h3 class=\"wp-block-heading\">&nbsp;<\/h3>\n<\/blockquote>\n\n\n\n<p><\/p>\n\n\n\n<hr class=\"wp-block-separator has-alpha-channel-opacity\">\n","protected":false},"excerpt":{"rendered":"<p>Alle Nasen \u2013 Clow\u00adne\u00adrie\u00adwork\u00adshop und Zukunfts\u00adwerk\u00adstatt Was ist lus\u00adtig? Oder selt\u00adsam? Und wer ist hier komisch? Die\u00adser Work\u00adshop bie\u00adtet dir einen Ein\u00adstieg in die Kunst der Clow\u00adne\u00adrie. Clo\u00adw\u00ad\u00adne\u00adrie-Work\u00ad\u00adshop am 15.11. von 10:30 \u2013 17 Uhr im Cir\u00adcus Mon\u00adteli\u00adno mit Kar\u00adlot\u00adta Lorenz - Sozi\u00adal\u00adp\u00e4d\u00adago\u00adgin, Zir\u00ad\u00adkus- und Thea\u00adter\u00adp\u00e4d\u00adago\u00adgin (<span class=\"caps\">BUT<\/span>). An ers\u00adter Stel\u00adle steht der Spa\u00df mit\u00adein\u00adan\u00adder, eben\u00adso \u2026 <a href=\"http:\/\/hans-igel.de\/\" class=\"more-link\"><span class=\"screen-reader-text\">Aktu\u00adel\u00adles<\/span> wei\u00adter\u00adle\u00adsen <span class=\"meta-nav\">\u2192<\/span><\/a><\/p>\n","protected":false},"author":1,"featured_media":0,"parent":0,"menu_order":0,"comment_status":"closed","ping_status":"closed","template":"","meta":{"sfsi_plus_gutenberg_text_before_share":"","sfsi_plus_gutenberg_show_text_before_share":"","sfsi_plus_gutenberg_icon_type":"","sfsi_plus_gutenberg_icon_alignemt":"","sfsi_plus_gutenburg_max_per_row":"","wp_typography_post_enhancements_disabled":false,"footnotes":""},"class_list":["post-54","page","type-page","status-publish","hentry"],"yoast_head":"<!-- This site is optimized with the Yoast SEO plugin v24.7 - https:\/\/yoast.com\/wordpress\/plugins\/seo\/ -->\n<title>Aktuelles von Hans Igel - Verein f\u00fcr Inklusion &amp; Theater e.V.<\/title>\n<meta name=\"description\" content=\"Der Verein ist im Montelino-Circuszelt zu Gast. Am 25. Juni und 1. Juli 2016 wird die neue Inszenierung des Grimm-M\u00e4rchens &quot;Hans mein Igel&quot; gezeigt.\" \/>\n<meta name=\"robots\" content=\"index, follow, max-snippet:-1, max-image-preview:large, max-video-preview:-1\" \/>\n<link rel=\"canonical\" href=\"http:\/\/hans-igel.de\/\" \/>\n<meta property=\"og:locale\" content=\"de_DE\" \/>\n<meta property=\"og:type\" content=\"article\" \/>\n<meta property=\"og:title\" content=\"Aktuelles von Hans Igel - Verein f\u00fcr Inklusion &amp; Theater e.V.\" \/>\n<meta property=\"og:description\" content=\"Der Verein ist im Montelino-Circuszelt zu Gast. Am 25. Juni und 1. Juli 2016 wird die neue Inszenierung des Grimm-M\u00e4rchens &quot;Hans mein Igel&quot; gezeigt.\" \/>\n<meta property=\"og:url\" content=\"http:\/\/hans-igel.de\/\" \/>\n<meta property=\"og:site_name\" content=\"Hans Igel\" \/>\n<meta property=\"article:modified_time\" content=\"2025-10-15T11:41:03+00:00\" \/>\n<meta property=\"og:image\" content=\"http:\/\/hans-igel.de\/wp-content\/uploads\/2025\/10\/2023_DSEE_Gefoerdert_Logo_2zlg_RGB_Kreis_Schwarze-Schrift_500px.png\" \/>\n<meta name=\"twitter:card\" content=\"summary_large_image\" \/>\n<meta name=\"twitter:label1\" content=\"Gesch\u00e4tzte Lesezeit\" \/>\n\t<meta name=\"twitter:data1\" content=\"2\u00a0Minuten\" \/>\n<script type=\"application\/ld+json\" class=\"yoast-schema-graph\">{\"@context\":\"https:\/\/schema.org\",\"@graph\":[{\"@type\":\"WebPage\",\"@id\":\"http:\/\/hans-igel.de\/\",\"url\":\"http:\/\/hans-igel.de\/\",\"name\":\"Aktuelles von Hans Igel - Verein f\u00fcr Inklusion & Theater e.V.\",\"isPartOf\":{\"@id\":\"http:\/\/hans-igel.de\/#website\"},\"primaryImageOfPage\":{\"@id\":\"http:\/\/hans-igel.de\/#primaryimage\"},\"image\":{\"@id\":\"http:\/\/hans-igel.de\/#primaryimage\"},\"thumbnailUrl\":\"http:\/\/hans-igel.de\/wp-content\/uploads\/2025\/10\/2023_DSEE_Gefoerdert_Logo_2zlg_RGB_Kreis_Schwarze-Schrift_500px.png\",\"datePublished\":\"2016-05-10T09:10:26+00:00\",\"dateModified\":\"2025-10-15T11:41:03+00:00\",\"description\":\"Der Verein ist im Montelino-Circuszelt zu Gast. Am 25. Juni und 1. Juli 2016 wird die neue Inszenierung des Grimm-M\u00e4rchens \\\"Hans mein Igel\\\" gezeigt.\",\"breadcrumb\":{\"@id\":\"http:\/\/hans-igel.de\/#breadcrumb\"},\"inLanguage\":\"de\",\"potentialAction\":[{\"@type\":\"ReadAction\",\"target\":[\"http:\/\/hans-igel.de\/\"]}]},{\"@type\":\"ImageObject\",\"inLanguage\":\"de\",\"@id\":\"http:\/\/hans-igel.de\/#primaryimage\",\"url\":\"http:\/\/hans-igel.de\/wp-content\/uploads\/2025\/10\/2023_DSEE_Gefoerdert_Logo_2zlg_RGB_Kreis_Schwarze-Schrift_500px.png\",\"contentUrl\":\"http:\/\/hans-igel.de\/wp-content\/uploads\/2025\/10\/2023_DSEE_Gefoerdert_Logo_2zlg_RGB_Kreis_Schwarze-Schrift_500px.png\",\"width\":500,\"height\":197,\"caption\":\"Gef\u00f6rdert durch - Logo Deutsche Stiftung f\u00fcr Engagement und Ehrenamt\"},{\"@type\":\"BreadcrumbList\",\"@id\":\"http:\/\/hans-igel.de\/#breadcrumb\",\"itemListElement\":[{\"@type\":\"ListItem\",\"position\":1,\"name\":\"Startseite\",\"item\":\"http:\/\/hans-igel.de\/\"},{\"@type\":\"ListItem\",\"position\":2,\"name\":\"Aktuelles\"}]},{\"@type\":\"WebSite\",\"@id\":\"http:\/\/hans-igel.de\/#website\",\"url\":\"http:\/\/hans-igel.de\/\",\"name\":\"Hans Igel\",\"description\":\"Verein f\u00fcr Inklusion &amp; Theater e. V. wurde 2008 in Potsdam gegr\u00fcndet und f\u00fchrt Theaterprojekte mit inklusivem Charakter durch.\",\"potentialAction\":[{\"@type\":\"SearchAction\",\"target\":{\"@type\":\"EntryPoint\",\"urlTemplate\":\"http:\/\/hans-igel.de\/?s={search_term_string}\"},\"query-input\":{\"@type\":\"PropertyValueSpecification\",\"valueRequired\":true,\"valueName\":\"search_term_string\"}}],\"inLanguage\":\"de\"}]}<\/script>\n<!-- \/ Yoast SEO plugin. -->","yoast_head_json":{"title":"Aktuelles von Hans Igel - Verein f\u00fcr Inklusion & Theater e.V.","description":"Der Verein ist im Montelino-Circuszelt zu Gast. Am 25. Juni und 1. Juli 2016 wird die neue Inszenierung des Grimm-M\u00e4rchens \"Hans mein Igel\" gezeigt.","robots":{"index":"index","follow":"follow","max-snippet":"max-snippet:-1","max-image-preview":"max-image-preview:large","max-video-preview":"max-video-preview:-1"},"canonical":"http:\/\/hans-igel.de\/","og_locale":"de_DE","og_type":"article","og_title":"Aktuelles von Hans Igel - Verein f\u00fcr Inklusion & Theater e.V.","og_description":"Der Verein ist im Montelino-Circuszelt zu Gast. Am 25. Juni und 1. Juli 2016 wird die neue Inszenierung des Grimm-M\u00e4rchens \"Hans mein Igel\" gezeigt.","og_url":"http:\/\/hans-igel.de\/","og_site_name":"Hans Igel","article_modified_time":"2025-10-15T11:41:03+00:00","og_image":[{"url":"http:\/\/hans-igel.de\/wp-content\/uploads\/2025\/10\/2023_DSEE_Gefoerdert_Logo_2zlg_RGB_Kreis_Schwarze-Schrift_500px.png","type":"","width":"","height":""}],"twitter_card":"summary_large_image","twitter_misc":{"Gesch\u00e4tzte Lesezeit":"2\u00a0Minuten"},"schema":{"@context":"https:\/\/schema.org","@graph":[{"@type":"WebPage","@id":"http:\/\/hans-igel.de\/","url":"http:\/\/hans-igel.de\/","name":"Aktuelles von Hans Igel - Verein f\u00fcr Inklusion & Theater e.V.","isPartOf":{"@id":"http:\/\/hans-igel.de\/#website"},"primaryImageOfPage":{"@id":"http:\/\/hans-igel.de\/#primaryimage"},"image":{"@id":"http:\/\/hans-igel.de\/#primaryimage"},"thumbnailUrl":"http:\/\/hans-igel.de\/wp-content\/uploads\/2025\/10\/2023_DSEE_Gefoerdert_Logo_2zlg_RGB_Kreis_Schwarze-Schrift_500px.png","datePublished":"2016-05-10T09:10:26+00:00","dateModified":"2025-10-15T11:41:03+00:00","description":"Der Verein ist im Montelino-Circuszelt zu Gast. Am 25. Juni und 1. Juli 2016 wird die neue Inszenierung des Grimm-M\u00e4rchens \"Hans mein Igel\" gezeigt.","breadcrumb":{"@id":"http:\/\/hans-igel.de\/#breadcrumb"},"inLanguage":"de","potentialAction":[{"@type":"ReadAction","target":["http:\/\/hans-igel.de\/"]}]},{"@type":"ImageObject","inLanguage":"de","@id":"http:\/\/hans-igel.de\/#primaryimage","url":"http:\/\/hans-igel.de\/wp-content\/uploads\/2025\/10\/2023_DSEE_Gefoerdert_Logo_2zlg_RGB_Kreis_Schwarze-Schrift_500px.png","contentUrl":"http:\/\/hans-igel.de\/wp-content\/uploads\/2025\/10\/2023_DSEE_Gefoerdert_Logo_2zlg_RGB_Kreis_Schwarze-Schrift_500px.png","width":500,"height":197,"caption":"Gef\u00f6rdert durch - Logo Deutsche Stiftung f\u00fcr Engagement und Ehrenamt"},{"@type":"BreadcrumbList","@id":"http:\/\/hans-igel.de\/#breadcrumb","itemListElement":[{"@type":"ListItem","position":1,"name":"Startseite","item":"http:\/\/hans-igel.de\/"},{"@type":"ListItem","position":2,"name":"Aktuelles"}]},{"@type":"WebSite","@id":"http:\/\/hans-igel.de\/#website","url":"http:\/\/hans-igel.de\/","name":"Hans Igel","description":"Verein f\u00fcr Inklusion &amp; Theater e. V. wurde 2008 in Potsdam gegr\u00fcndet und f\u00fchrt Theaterprojekte mit inklusivem Charakter durch.","potentialAction":[{"@type":"SearchAction","target":{"@type":"EntryPoint","urlTemplate":"http:\/\/hans-igel.de\/?s={search_term_string}"},"query-input":{"@type":"PropertyValueSpecification","valueRequired":true,"valueName":"search_term_string"}}],"inLanguage":"de"}]}},"jetpack_sharing_enabled":true,"_links":{"self":[{"href":"http:\/\/hans-igel.de\/index.php?rest_route=\/wp\/v2\/pages\/54"}],"collection":[{"href":"http:\/\/hans-igel.de\/index.php?rest_route=\/wp\/v2\/pages"}],"about":[{"href":"http:\/\/hans-igel.de\/index.php?rest_route=\/wp\/v2\/types\/page"}],"author":[{"embeddable":true,"href":"http:\/\/hans-igel.de\/index.php?rest_route=\/wp\/v2\/users\/1"}],"replies":[{"embeddable":true,"href":"http:\/\/hans-igel.de\/index.php?rest_route=%2Fwp%2Fv2%2Fcomments&post=54"}],"version-history":[{"count":97,"href":"http:\/\/hans-igel.de\/index.php?rest_route=\/wp\/v2\/pages\/54\/revisions"}],"predecessor-version":[{"id":549,"href":"http:\/\/hans-igel.de\/index.php?rest_route=\/wp\/v2\/pages\/54\/revisions\/549"}],"wp:attachment":[{"href":"http:\/\/hans-igel.de\/index.php?rest_route=%2Fwp%2Fv2%2Fmedia&parent=54"}],"curies":[{"name":"wp","href":"https:\/\/api.w.org\/{rel}","templated":true}]}}