{"id":460,"date":"2019-12-13T11:55:26","date_gmt":"2019-12-13T11:55:26","guid":{"rendered":"http:\/\/hans-igel.de\/?page_id=460"},"modified":"2019-12-13T12:05:39","modified_gmt":"2019-12-13T12:05:39","slug":"don-quijote","status":"publish","type":"page","link":"http:\/\/hans-igel.de\/?page_id=460","title":{"rendered":"Don Quijote"},"content":{"rendered":"<p>Es ist voll\u00adbracht: Am 5. Okto\u00adber 2018 fand unse\u00adre&nbsp; begeis\u00adtert auf\u00adge\u00adnom\u00adme\u00adne Pre\u00admie\u00adre&nbsp;statt.<\/p>\n<p><img loading=\"lazy\" decoding=\"async\" class=\"alignnone size-full wp-image-446\" src=\"http:\/\/hans-igel.de\/wp-content\/uploads\/2018\/09\/Postkarte_2018-druck-1.jpg\" alt width=\"1158\" height=\"827\" srcset=\"http:\/\/hans-igel.de\/wp-content\/uploads\/2018\/09\/Postkarte_2018-druck-1.jpg 1158w, http:\/\/hans-igel.de\/wp-content\/uploads\/2018\/09\/Postkarte_2018-druck-1-300x214.jpg 300w, http:\/\/hans-igel.de\/wp-content\/uploads\/2018\/09\/Postkarte_2018-druck-1-768x548.jpg 768w, http:\/\/hans-igel.de\/wp-content\/uploads\/2018\/09\/Postkarte_2018-druck-1-1024x731.jpg 1024w, http:\/\/hans-igel.de\/wp-content\/uploads\/2018\/09\/Postkarte_2018-druck-1-250x179.jpg 250w\" sizes=\"(max-width: 1158px) 100vw, 1158px\"><\/p>\n<p><img loading=\"lazy\" decoding=\"async\" class=\"alignnone size-full wp-image-447\" src=\"http:\/\/hans-igel.de\/wp-content\/uploads\/2018\/09\/Postkarte_2018-druck-2.jpg\" alt width=\"1158\" height=\"827\" srcset=\"http:\/\/hans-igel.de\/wp-content\/uploads\/2018\/09\/Postkarte_2018-druck-2.jpg 1158w, http:\/\/hans-igel.de\/wp-content\/uploads\/2018\/09\/Postkarte_2018-druck-2-300x214.jpg 300w, http:\/\/hans-igel.de\/wp-content\/uploads\/2018\/09\/Postkarte_2018-druck-2-768x548.jpg 768w, http:\/\/hans-igel.de\/wp-content\/uploads\/2018\/09\/Postkarte_2018-druck-2-1024x731.jpg 1024w, http:\/\/hans-igel.de\/wp-content\/uploads\/2018\/09\/Postkarte_2018-druck-2-250x179.jpg 250w\" sizes=\"(max-width: 1158px) 100vw, 1158px\"><\/p>\n<p>Hier gibt es ein paar foto\u00adgra\u00adfi\u00adsche Impres\u00adsio\u00adnen von \u201cDon Quijote\u201d.<br>\nDie Fotos hat Ste\u00adfan Gloe\u00adde gemacht.<\/p>\n<p><img loading=\"lazy\" decoding=\"async\" class=\"alignnone size-full wp-image-451\" src=\"http:\/\/hans-igel.de\/wp-content\/uploads\/2018\/10\/017_SG20347.jpg\" alt width=\"4441\" height=\"2956\" srcset=\"http:\/\/hans-igel.de\/wp-content\/uploads\/2018\/10\/017_SG20347.jpg 4441w, http:\/\/hans-igel.de\/wp-content\/uploads\/2018\/10\/017_SG20347-300x200.jpg 300w, http:\/\/hans-igel.de\/wp-content\/uploads\/2018\/10\/017_SG20347-768x511.jpg 768w, http:\/\/hans-igel.de\/wp-content\/uploads\/2018\/10\/017_SG20347-1024x682.jpg 1024w, http:\/\/hans-igel.de\/wp-content\/uploads\/2018\/10\/017_SG20347-900x600.jpg 900w, http:\/\/hans-igel.de\/wp-content\/uploads\/2018\/10\/017_SG20347-250x166.jpg 250w\" sizes=\"(max-width: 4441px) 100vw, 4441px\"><\/p>\n<p><img loading=\"lazy\" decoding=\"async\" class=\"alignnone size-full wp-image-450\" src=\"http:\/\/hans-igel.de\/wp-content\/uploads\/2018\/10\/010_SG10524.jpg\" alt width=\"4078\" height=\"2714\" srcset=\"http:\/\/hans-igel.de\/wp-content\/uploads\/2018\/10\/010_SG10524.jpg 4078w, http:\/\/hans-igel.de\/wp-content\/uploads\/2018\/10\/010_SG10524-300x200.jpg 300w, http:\/\/hans-igel.de\/wp-content\/uploads\/2018\/10\/010_SG10524-768x511.jpg 768w, http:\/\/hans-igel.de\/wp-content\/uploads\/2018\/10\/010_SG10524-1024x681.jpg 1024w, http:\/\/hans-igel.de\/wp-content\/uploads\/2018\/10\/010_SG10524-900x600.jpg 900w, http:\/\/hans-igel.de\/wp-content\/uploads\/2018\/10\/010_SG10524-250x166.jpg 250w\" sizes=\"(max-width: 4078px) 100vw, 4078px\"><\/p>\n<p><img loading=\"lazy\" decoding=\"async\" class=\"alignnone size-full wp-image-452\" src=\"http:\/\/hans-igel.de\/wp-content\/uploads\/2018\/10\/029_SG10667.jpg\" alt width=\"4301\" height=\"2863\" srcset=\"http:\/\/hans-igel.de\/wp-content\/uploads\/2018\/10\/029_SG10667.jpg 4301w, http:\/\/hans-igel.de\/wp-content\/uploads\/2018\/10\/029_SG10667-300x200.jpg 300w, http:\/\/hans-igel.de\/wp-content\/uploads\/2018\/10\/029_SG10667-768x511.jpg 768w, http:\/\/hans-igel.de\/wp-content\/uploads\/2018\/10\/029_SG10667-1024x682.jpg 1024w, http:\/\/hans-igel.de\/wp-content\/uploads\/2018\/10\/029_SG10667-900x600.jpg 900w, http:\/\/hans-igel.de\/wp-content\/uploads\/2018\/10\/029_SG10667-250x166.jpg 250w\" sizes=\"(max-width: 4301px) 100vw, 4301px\"><\/p>\n<p><img loading=\"lazy\" decoding=\"async\" class=\"alignnone size-full wp-image-453\" src=\"http:\/\/hans-igel.de\/wp-content\/uploads\/2018\/10\/036_SG20486.jpg\" alt width=\"4928\" height=\"3280\" srcset=\"http:\/\/hans-igel.de\/wp-content\/uploads\/2018\/10\/036_SG20486.jpg 4928w, http:\/\/hans-igel.de\/wp-content\/uploads\/2018\/10\/036_SG20486-300x200.jpg 300w, http:\/\/hans-igel.de\/wp-content\/uploads\/2018\/10\/036_SG20486-768x511.jpg 768w, http:\/\/hans-igel.de\/wp-content\/uploads\/2018\/10\/036_SG20486-1024x682.jpg 1024w, http:\/\/hans-igel.de\/wp-content\/uploads\/2018\/10\/036_SG20486-900x600.jpg 900w, http:\/\/hans-igel.de\/wp-content\/uploads\/2018\/10\/036_SG20486-250x166.jpg 250w\" sizes=\"(max-width: 4928px) 100vw, 4928px\"><\/p>\n<p>Eine wei\u00adte\u00adre Vor\u00adstel\u00adlung fand am<strong> 21. Okto\u00adber, um 16 Uhr im beheiz\u00adten Mon\u00adteli\u00adno-Cir\u00adcus\u00adzelt<\/strong> statt. Die OB-Kan\u00addi\u00adda\u00adtin und Gleich\u00adstel\u00adlungs\u00adbe\u00adauf\u00adtrag\u00adte der Stadt Pots\u00addam, Mar\u00adti\u00adna Trauth, die<br>\ndie Pre\u00admie\u00adre besucht hat, sag\u00adte <strong>\u201ces lohnt&nbsp;sich!\u201d<\/strong><\/p>\n<p>&nbsp;<\/p>\n","protected":false},"excerpt":{"rendered":"<p>Es ist voll\u00adbracht: Am 5. Okto\u00adber 2018 fand unse\u00adre&nbsp; begeis\u00adtert auf\u00adge\u00adnom\u00adme\u00adne Pre\u00admie\u00adre&nbsp;statt. Hier gibt es ein paar foto\u00adgra\u00adfi\u00adsche Impres\u00adsio\u00adnen von \u201cDon Qui\u00adjo\u00adte\u201d. Die Fotos hat Ste\u00adfan Gloe\u00adde gemacht. Eine wei\u00adte\u00adre Vor\u00adstel\u00adlung fand am 21. Okto\u00adber, um 16 Uhr im beheiz\u00adten Mon\u00ad\u00adte\u00adli\u00ad\u00adno-Cir\u00ad\u00adcus\u00ad\u00adzelt statt. Die OB-Kan\u00ad\u00addi\u00ad\u00adda\u00ad\u00adtin und Gleich\u00adstel\u00adlungs\u00adbe\u00adauf\u00adtrag\u00adte der Stadt Pots\u00addam, Mar\u00adti\u00adna Trauth, die die Pre\u00admie\u00adre besucht \u2026 <a href=\"http:\/\/hans-igel.de\/?page_id=460\" class=\"more-link\"><span class=\"screen-reader-text\">Don Qui\u00adjo\u00adte<\/span> wei\u00adter\u00adle\u00adsen <span class=\"meta-nav\">\u2192<\/span><\/a><\/p>\n","protected":false},"author":1,"featured_media":0,"parent":0,"menu_order":0,"comment_status":"closed","ping_status":"closed","template":"","meta":{"sfsi_plus_gutenberg_text_before_share":"","sfsi_plus_gutenberg_show_text_before_share":"","sfsi_plus_gutenberg_icon_type":"","sfsi_plus_gutenberg_icon_alignemt":"","sfsi_plus_gutenburg_max_per_row":"","wp_typography_post_enhancements_disabled":false,"footnotes":""},"class_list":["post-460","page","type-page","status-publish","hentry"],"yoast_head":"<!-- This site is optimized with the Yoast SEO plugin v24.7 - https:\/\/yoast.com\/wordpress\/plugins\/seo\/ -->\n<title>Don Quijote - Hans Igel<\/title>\n<meta name=\"robots\" content=\"index, follow, max-snippet:-1, max-image-preview:large, max-video-preview:-1\" \/>\n<link rel=\"canonical\" href=\"http:\/\/hans-igel.de\/?page_id=460\" \/>\n<meta property=\"og:locale\" content=\"de_DE\" \/>\n<meta property=\"og:type\" content=\"article\" \/>\n<meta property=\"og:title\" content=\"Don Quijote - Hans Igel\" \/>\n<meta property=\"og:description\" content=\"Es ist voll\u00adbracht: Am 5. Okto\u00adber 2018 fand unse\u00adre&nbsp; begeis\u00adtert auf\u00adge\u00adnom\u00adme\u00adne Pre\u00admie\u00adre&nbsp;statt. Hier gibt es ein paar foto\u00adgra\u00adfi\u00adsche Impres\u00adsio\u00adnen von \u201cDon Quijote\u201d. Die Fotos hat Ste\u00adfan Gloe\u00adde gemacht. Eine wei\u00adte\u00adre Vor\u00adstel\u00adlung fand am 21. Okto\u00adber, um 16 Uhr im beheiz\u00adten Mon\u00adteli\u00adno-Cir\u00adcus\u00adzelt statt. Die OB-Kan\u00addi\u00adda\u00adtin und Gleich\u00adstel\u00adlungs\u00adbe\u00adauf\u00adtrag\u00adte der Stadt Pots\u00addam, Mar\u00adti\u00adna Trauth, die die Pre\u00admie\u00adre besucht &hellip; Don Quijote weiterlesen &rarr;\" \/>\n<meta property=\"og:url\" content=\"http:\/\/hans-igel.de\/?page_id=460\" \/>\n<meta property=\"og:site_name\" content=\"Hans Igel\" \/>\n<meta property=\"article:modified_time\" content=\"2019-12-13T12:05:39+00:00\" \/>\n<meta property=\"og:image\" content=\"http:\/\/hans-igel.de\/wp-content\/uploads\/2018\/09\/Postkarte_2018-druck-1.jpg\" \/>\n<meta name=\"twitter:card\" content=\"summary_large_image\" \/>\n<script type=\"application\/ld+json\" class=\"yoast-schema-graph\">{\"@context\":\"https:\/\/schema.org\",\"@graph\":[{\"@type\":\"WebPage\",\"@id\":\"http:\/\/hans-igel.de\/?page_id=460\",\"url\":\"http:\/\/hans-igel.de\/?page_id=460\",\"name\":\"Don Quijote - Hans Igel\",\"isPartOf\":{\"@id\":\"http:\/\/hans-igel.de\/#website\"},\"primaryImageOfPage\":{\"@id\":\"http:\/\/hans-igel.de\/?page_id=460#primaryimage\"},\"image\":{\"@id\":\"http:\/\/hans-igel.de\/?page_id=460#primaryimage\"},\"thumbnailUrl\":\"http:\/\/hans-igel.de\/wp-content\/uploads\/2018\/09\/Postkarte_2018-druck-1.jpg\",\"datePublished\":\"2019-12-13T11:55:26+00:00\",\"dateModified\":\"2019-12-13T12:05:39+00:00\",\"breadcrumb\":{\"@id\":\"http:\/\/hans-igel.de\/?page_id=460#breadcrumb\"},\"inLanguage\":\"de\",\"potentialAction\":[{\"@type\":\"ReadAction\",\"target\":[\"http:\/\/hans-igel.de\/?page_id=460\"]}]},{\"@type\":\"ImageObject\",\"inLanguage\":\"de\",\"@id\":\"http:\/\/hans-igel.de\/?page_id=460#primaryimage\",\"url\":\"http:\/\/hans-igel.de\/wp-content\/uploads\/2018\/09\/Postkarte_2018-druck-1.jpg\",\"contentUrl\":\"http:\/\/hans-igel.de\/wp-content\/uploads\/2018\/09\/Postkarte_2018-druck-1.jpg\",\"width\":1158,\"height\":827},{\"@type\":\"BreadcrumbList\",\"@id\":\"http:\/\/hans-igel.de\/?page_id=460#breadcrumb\",\"itemListElement\":[{\"@type\":\"ListItem\",\"position\":1,\"name\":\"Startseite\",\"item\":\"http:\/\/hans-igel.de\/\"},{\"@type\":\"ListItem\",\"position\":2,\"name\":\"Don Quijote\"}]},{\"@type\":\"WebSite\",\"@id\":\"http:\/\/hans-igel.de\/#website\",\"url\":\"http:\/\/hans-igel.de\/\",\"name\":\"Hans Igel\",\"description\":\"Verein f\u00fcr Inklusion &amp; Theater e. V. wurde 2008 in Potsdam gegr\u00fcndet und f\u00fchrt Theaterprojekte mit inklusivem Charakter durch.\",\"potentialAction\":[{\"@type\":\"SearchAction\",\"target\":{\"@type\":\"EntryPoint\",\"urlTemplate\":\"http:\/\/hans-igel.de\/?s={search_term_string}\"},\"query-input\":{\"@type\":\"PropertyValueSpecification\",\"valueRequired\":true,\"valueName\":\"search_term_string\"}}],\"inLanguage\":\"de\"}]}<\/script>\n<!-- \/ Yoast SEO plugin. -->","yoast_head_json":{"title":"Don Quijote - Hans Igel","robots":{"index":"index","follow":"follow","max-snippet":"max-snippet:-1","max-image-preview":"max-image-preview:large","max-video-preview":"max-video-preview:-1"},"canonical":"http:\/\/hans-igel.de\/?page_id=460","og_locale":"de_DE","og_type":"article","og_title":"Don Quijote - Hans Igel","og_description":"Es ist voll\u00adbracht: Am 5. Okto\u00adber 2018 fand unse\u00adre&nbsp; begeis\u00adtert auf\u00adge\u00adnom\u00adme\u00adne Pre\u00admie\u00adre&nbsp;statt. Hier gibt es ein paar foto\u00adgra\u00adfi\u00adsche Impres\u00adsio\u00adnen von \u201cDon Quijote\u201d. Die Fotos hat Ste\u00adfan Gloe\u00adde gemacht. Eine wei\u00adte\u00adre Vor\u00adstel\u00adlung fand am 21. Okto\u00adber, um 16 Uhr im beheiz\u00adten Mon\u00adteli\u00adno-Cir\u00adcus\u00adzelt statt. Die OB-Kan\u00addi\u00adda\u00adtin und Gleich\u00adstel\u00adlungs\u00adbe\u00adauf\u00adtrag\u00adte der Stadt Pots\u00addam, Mar\u00adti\u00adna Trauth, die die Pre\u00admie\u00adre besucht &hellip; Don Quijote weiterlesen &rarr;","og_url":"http:\/\/hans-igel.de\/?page_id=460","og_site_name":"Hans Igel","article_modified_time":"2019-12-13T12:05:39+00:00","og_image":[{"url":"http:\/\/hans-igel.de\/wp-content\/uploads\/2018\/09\/Postkarte_2018-druck-1.jpg","type":"","width":"","height":""}],"twitter_card":"summary_large_image","schema":{"@context":"https:\/\/schema.org","@graph":[{"@type":"WebPage","@id":"http:\/\/hans-igel.de\/?page_id=460","url":"http:\/\/hans-igel.de\/?page_id=460","name":"Don Quijote - Hans Igel","isPartOf":{"@id":"http:\/\/hans-igel.de\/#website"},"primaryImageOfPage":{"@id":"http:\/\/hans-igel.de\/?page_id=460#primaryimage"},"image":{"@id":"http:\/\/hans-igel.de\/?page_id=460#primaryimage"},"thumbnailUrl":"http:\/\/hans-igel.de\/wp-content\/uploads\/2018\/09\/Postkarte_2018-druck-1.jpg","datePublished":"2019-12-13T11:55:26+00:00","dateModified":"2019-12-13T12:05:39+00:00","breadcrumb":{"@id":"http:\/\/hans-igel.de\/?page_id=460#breadcrumb"},"inLanguage":"de","potentialAction":[{"@type":"ReadAction","target":["http:\/\/hans-igel.de\/?page_id=460"]}]},{"@type":"ImageObject","inLanguage":"de","@id":"http:\/\/hans-igel.de\/?page_id=460#primaryimage","url":"http:\/\/hans-igel.de\/wp-content\/uploads\/2018\/09\/Postkarte_2018-druck-1.jpg","contentUrl":"http:\/\/hans-igel.de\/wp-content\/uploads\/2018\/09\/Postkarte_2018-druck-1.jpg","width":1158,"height":827},{"@type":"BreadcrumbList","@id":"http:\/\/hans-igel.de\/?page_id=460#breadcrumb","itemListElement":[{"@type":"ListItem","position":1,"name":"Startseite","item":"http:\/\/hans-igel.de\/"},{"@type":"ListItem","position":2,"name":"Don Quijote"}]},{"@type":"WebSite","@id":"http:\/\/hans-igel.de\/#website","url":"http:\/\/hans-igel.de\/","name":"Hans Igel","description":"Verein f\u00fcr Inklusion &amp; Theater e. V. wurde 2008 in Potsdam gegr\u00fcndet und f\u00fchrt Theaterprojekte mit inklusivem Charakter durch.","potentialAction":[{"@type":"SearchAction","target":{"@type":"EntryPoint","urlTemplate":"http:\/\/hans-igel.de\/?s={search_term_string}"},"query-input":{"@type":"PropertyValueSpecification","valueRequired":true,"valueName":"search_term_string"}}],"inLanguage":"de"}]}},"jetpack_sharing_enabled":true,"_links":{"self":[{"href":"http:\/\/hans-igel.de\/index.php?rest_route=\/wp\/v2\/pages\/460"}],"collection":[{"href":"http:\/\/hans-igel.de\/index.php?rest_route=\/wp\/v2\/pages"}],"about":[{"href":"http:\/\/hans-igel.de\/index.php?rest_route=\/wp\/v2\/types\/page"}],"author":[{"embeddable":true,"href":"http:\/\/hans-igel.de\/index.php?rest_route=\/wp\/v2\/users\/1"}],"replies":[{"embeddable":true,"href":"http:\/\/hans-igel.de\/index.php?rest_route=%2Fwp%2Fv2%2Fcomments&post=460"}],"version-history":[{"count":1,"href":"http:\/\/hans-igel.de\/index.php?rest_route=\/wp\/v2\/pages\/460\/revisions"}],"predecessor-version":[{"id":461,"href":"http:\/\/hans-igel.de\/index.php?rest_route=\/wp\/v2\/pages\/460\/revisions\/461"}],"wp:attachment":[{"href":"http:\/\/hans-igel.de\/index.php?rest_route=%2Fwp%2Fv2%2Fmedia&parent=460"}],"curies":[{"name":"wp","href":"https:\/\/api.w.org\/{rel}","templated":true}]}}