{"id":334,"date":"2016-07-03T11:06:48","date_gmt":"2016-07-03T11:06:48","guid":{"rendered":"http:\/\/hans-igel.de\/?page_id=334"},"modified":"2025-06-17T20:04:30","modified_gmt":"2025-06-17T20:04:30","slug":"hans-mein-igel-2","status":"publish","type":"page","link":"http:\/\/hans-igel.de\/?page_id=334","title":{"rendered":"Hans mein&nbsp;Igel"},"content":{"rendered":"<p>Am 25. Juni und 1. Juli 2016 zeig\u00adten wir \u201cHans mein Igel\u201d im Pots\u00adda\u00admer <a href=\"http:\/\/www.circus-montelino.de\/de\/index.php\" target=\"_blank\" rel=\"noopener\">Mon\u00adteli\u00adno-Zir\u00adkus\u00adzelt \u2026<\/a><\/p>\n<p><span style=\"color: #000000;\">Die Insze\u00adnie\u00adrung die\u00adses kaum bekann\u00adten und sehr ber\u00fch\u00adren\u00adden Grimm\u00adschen M\u00e4r\u00adchens fei\u00ader\u00adte 2015 im Pots\u00adda\u00admer <\/span><span style=\"color: #000000;\"><span style=\"color: #008000;\"><a style=\"color: #008000;\" href=\"http:\/\/www.hdb-potsdam.de\/index.php?ueber_uns\" target=\"_blank\" rel=\"noopener\">Haus der Begeg\u00adnung<\/a><\/span> Pre\u00admie\u00adre.&nbsp; Axel Tr\u00f6\u00adger setz\u00adte sie mit Mit\u00adglie\u00addern des <span style=\"color: #008000;\"><a style=\"color: #008000;\" href=\"http:\/\/integrationstheater.blogspot.de\/\" target=\"_blank\" rel=\"noopener\">Inte\u00adgra\u00adti\u00adons\u00adthea\u00adters Teu\u00adfels\u00adsee<\/a><\/span><\/span><span style=\"color: #000000;\"> in&nbsp;Szene.<\/span><\/p>\n<p><code>\t\n\t\t\n\t<\/code><\/p><div id=\"meteor-slideshowhansigel\" class=\"meteor-slides hansigel navpaged { next: '#meteor-nexthansigel', prev: '#meteor-prevhansigel', pager: '#meteor-buttonshansigel' }\">\n\t\n\t\t\t\n\t\t\t\n\t\t\t<div id=\"meteor-buttonshansigel\" class=\"meteor-buttons\"><\/div>\n\t\t\t\n\t\t\t\t\n\t\t\t\n\t\t<div class=\"meteor-clip\">\n\t\n\t\t\t\t\n\t\t\t<img decoding=\"async\" style=\"visibility: hidden;\" class=\"meteor-shim\" src=\"http:\/\/hans-igel.de\/wp-content\/uploads\/2016\/05\/AHREND-HP1A9051a-1.jpg\" alt>\n\t\t\t<div class=\"mslide mslide-1\">\n\t\t\t\t\n\t\t\t\t\t\t\t\t\t\n\t\t\t\t\t<img loading=\"lazy\" decoding=\"async\" width=\"900\" height=\"600\" src=\"http:\/\/hans-igel.de\/wp-content\/uploads\/2016\/05\/AHREND-HP1A9051a-1.jpg\" class=\"attachment-featured-slide size-featured-slide wp-post-image\" alt title=\"Hans mein&nbsp;Igel\" srcset=\"http:\/\/hans-igel.de\/wp-content\/uploads\/2016\/05\/AHREND-HP1A9051a-1.jpg 990w, http:\/\/hans-igel.de\/wp-content\/uploads\/2016\/05\/AHREND-HP1A9051a-1-300x200.jpg 300w, http:\/\/hans-igel.de\/wp-content\/uploads\/2016\/05\/AHREND-HP1A9051a-1-768x512.jpg 768w\" sizes=\"(max-width: 900px) 100vw, 900px\">\t\t\t\t\t\n\t\t\t\t\t\t\t\n\t\t\t<\/div><!-- .mslide -->\n\t\t\t\n\t\t\t\t\t\t\n\t\t\t\t\n\t\t\t\n\t\t\t<div class=\"mslide mslide-2\">\n\t\t\t\t\n\t\t\t\t\t\t\t\t\t\n\t\t\t\t\t<img loading=\"lazy\" decoding=\"async\" width=\"900\" height=\"600\" src=\"http:\/\/hans-igel.de\/wp-content\/uploads\/2016\/05\/AHREND-HP1A9368kl.jpg\" class=\"attachment-featured-slide size-featured-slide wp-post-image\" alt title=\"Hans mein&nbsp;Igel\" srcset=\"http:\/\/hans-igel.de\/wp-content\/uploads\/2016\/05\/AHREND-HP1A9368kl.jpg 990w, http:\/\/hans-igel.de\/wp-content\/uploads\/2016\/05\/AHREND-HP1A9368kl-300x200.jpg 300w, http:\/\/hans-igel.de\/wp-content\/uploads\/2016\/05\/AHREND-HP1A9368kl-768x512.jpg 768w\" sizes=\"(max-width: 900px) 100vw, 900px\">\t\t\t\t\t\n\t\t\t\t\t\t\t\n\t\t\t<\/div><!-- .mslide -->\n\t\t\t\n\t\t\t\t\t\t\n\t\t\t\t\n\t\t\t\n\t\t\t<div class=\"mslide mslide-3\">\n\t\t\t\t\n\t\t\t\t\t\t\t\t\t\n\t\t\t\t\t<img loading=\"lazy\" decoding=\"async\" width=\"900\" height=\"600\" src=\"http:\/\/hans-igel.de\/wp-content\/uploads\/2016\/05\/GLOEDE-DSC_27971-e1462953912345.jpg\" class=\"attachment-featured-slide size-featured-slide wp-post-image\" alt title=\"Hans mein&nbsp;Igel\">\t\t\t\t\t\n\t\t\t\t\t\t\t\n\t\t\t<\/div><!-- .mslide -->\n\t\t\t\n\t\t\t\t\t\t\n\t\t\t\t\n\t\t\t\n\t\t\t<div class=\"mslide mslide-4\">\n\t\t\t\t\n\t\t\t\t\t\t\t\t\t\n\t\t\t\t\t<img loading=\"lazy\" decoding=\"async\" width=\"900\" height=\"600\" src=\"http:\/\/hans-igel.de\/wp-content\/uploads\/2016\/05\/GLOEDE-DSC_28551-e1462953990800.jpg\" class=\"attachment-featured-slide size-featured-slide wp-post-image\" alt title=\"Hans mein&nbsp;Igel\">\t\t\t\t\t\n\t\t\t\t\t\t\t\n\t\t\t<\/div><!-- .mslide -->\n\t\t\t\n\t\t\t\t\t\t\n\t\t\t\t\n\t\t\t\n\t\t\t<div class=\"mslide mslide-5\">\n\t\t\t\t\n\t\t\t\t\t\t\t\t\t\n\t\t\t\t\t<img loading=\"lazy\" decoding=\"async\" width=\"900\" height=\"600\" src=\"http:\/\/hans-igel.de\/wp-content\/uploads\/2016\/05\/GLOEDE-DSC_29911-e1462954079149.jpg\" class=\"attachment-featured-slide size-featured-slide wp-post-image\" alt title=\"Hans mein&nbsp;Igel\">\t\t\t\t\t\n\t\t\t\t\t\t\t\n\t\t\t<\/div><!-- .mslide -->\n\t\t\t\n\t\t\t\t\t\t\n\t\t\t\t\n\t\t<\/div><!-- .meteor-clip -->\n\t\t\t\t\n\t\t\t\t\t\n\t<\/div><!-- .meteor-slides -->\n\t\n\t\n<p>Erz\u00e4hlt wird die Geschich\u00adte vom hei\u00df ersehn\u00adten aber dann ver\u00adsto\u00ad\u00dfe\u00adnen Kind, wel\u00adches \u201csticht\u201d und \u201cin kein ordent\u00adlich Bett darf\u201d. So liegt Hans acht schlim\u00adme Jah\u00adre \u201chin\u00adter dem Ofen\u201d, bis es ihm gelingt, aus einem Traum her\u00adaus, sei\u00adnen Weg in die Welt zu finden.<\/p>\n<p>Wie f\u00fchlt es sich an, wenn man nicht den Erwar\u00adtun\u00adgen ent\u00adspricht? Wie kann man trotz\u00addem ein gutes Leben f\u00fch\u00adren?&nbsp; Das sind eini\u00adge der Fra\u00adgen, die die Insze\u00adnie\u00adrung, in der Men\u00adschen mit und ohne Behin\u00adde\u00adrung gemein\u00adsam Thea\u00adter spie\u00adlen, aufwirft.<\/p>\n<p><img loading=\"lazy\" decoding=\"async\" class=\"alignnone wp-image-340 size-full\" src=\"http:\/\/hans-igel.de\/wp-content\/uploads\/2016\/07\/DSC03169.jpg\" alt width=\"1080\" height=\"810\" srcset=\"http:\/\/hans-igel.de\/wp-content\/uploads\/2016\/07\/DSC03169.jpg 1080w, http:\/\/hans-igel.de\/wp-content\/uploads\/2016\/07\/DSC03169-300x225.jpg 300w, http:\/\/hans-igel.de\/wp-content\/uploads\/2016\/07\/DSC03169-768x576.jpg 768w, http:\/\/hans-igel.de\/wp-content\/uploads\/2016\/07\/DSC03169-1024x768.jpg 1024w, http:\/\/hans-igel.de\/wp-content\/uploads\/2016\/07\/DSC03169-250x188.jpg 250w\" sizes=\"(max-width: 1080px) 100vw, 1080px\"><\/p>\n<p><span style=\"color: #008000;\">Es gab viel Bei\u00adfall f\u00fcr die zehn Schauspieler*innen, die, wie eine Besu\u00adche\u00adrin sag\u00adte, kla\u00adre Bil\u00adder und unge\u00admein ber\u00fch\u00adren\u00adde Sze\u00adnen zeigten.<\/span><\/p>\n<p>Das Pro\u00adjekt wur\u00adde gef\u00f6r\u00addert von der Deut\u00adschen Behin\u00adder\u00adten\u00adhil\u00adfe - <a href=\"https:\/\/www.aktion-mensch.de\/\" target=\"_blank\" rel=\"noopener\">Akti\u00adon Mensch e.&nbsp;V.<\/a><\/p>\n","protected":false},"excerpt":{"rendered":"<p>Am 25. Juni und 1. Juli 2016 zeig\u00adten wir \u201cHans mein Igel\u201d im Pots\u00adda\u00admer Mon\u00ad\u00adte\u00adli\u00ad\u00adno-Zir\u00ad\u00adkus\u00ad\u00adzelt \u2026 Die Insze\u00adnie\u00adrung die\u00adses kaum bekann\u00adten und sehr ber\u00fch\u00adren\u00adden Grimm\u00adschen M\u00e4r\u00adchens fei\u00ader\u00adte 2015 im Pots\u00adda\u00admer Haus der Begeg\u00adnung Pre\u00admie\u00adre.&nbsp; Axel Tr\u00f6\u00adger setz\u00adte sie mit Mit\u00adglie\u00addern des Inte\u00adgra\u00adti\u00adons\u00adthea\u00adters Teu\u00adfels\u00adsee in&nbsp;Sze\u00adne. Erz\u00e4hlt wird die Geschich\u00adte vom hei\u00df ersehn\u00adten aber dann ver\u00adsto\u00ad\u00dfe\u00adnen Kind, \u2026 <a href=\"http:\/\/hans-igel.de\/?page_id=334\" class=\"more-link\"><span class=\"screen-reader-text\">Hans mein&nbsp;Igel<\/span> wei\u00adter\u00adle\u00adsen <span class=\"meta-nav\">\u2192<\/span><\/a><\/p>\n","protected":false},"author":1,"featured_media":0,"parent":0,"menu_order":0,"comment_status":"closed","ping_status":"closed","template":"","meta":{"sfsi_plus_gutenberg_text_before_share":"","sfsi_plus_gutenberg_show_text_before_share":"","sfsi_plus_gutenberg_icon_type":"","sfsi_plus_gutenberg_icon_alignemt":"","sfsi_plus_gutenburg_max_per_row":"","wp_typography_post_enhancements_disabled":false,"footnotes":""},"class_list":["post-334","page","type-page","status-publish","hentry"],"yoast_head":"<!-- This site is optimized with the Yoast SEO plugin v24.7 - https:\/\/yoast.com\/wordpress\/plugins\/seo\/ -->\n<title>Hans mein Igel - Hans Igel<\/title>\n<meta name=\"description\" content=\"Am 25. Juni und am 1. Juli 2016 waren wir das erste Mal im Montelino-Circuszelt zu Gast: Hans mein Igel wurde begeistert aufgenommen.\" \/>\n<meta name=\"robots\" content=\"index, follow, max-snippet:-1, max-image-preview:large, max-video-preview:-1\" \/>\n<link rel=\"canonical\" href=\"https:\/\/hans-igel.de\/?page_id=334\" \/>\n<meta property=\"og:locale\" content=\"de_DE\" \/>\n<meta property=\"og:type\" content=\"article\" \/>\n<meta property=\"og:title\" content=\"Hans mein Igel - Hans Igel\" \/>\n<meta property=\"og:description\" content=\"Am 25. Juni und am 1. Juli 2016 waren wir das erste Mal im Montelino-Circuszelt zu Gast: Hans mein Igel wurde begeistert aufgenommen.\" \/>\n<meta property=\"og:url\" content=\"https:\/\/hans-igel.de\/?page_id=334\" \/>\n<meta property=\"og:site_name\" content=\"Hans Igel\" \/>\n<meta property=\"article:modified_time\" content=\"2025-06-17T20:04:30+00:00\" \/>\n<meta property=\"og:image\" content=\"http:\/\/hans-igel.de\/wp-content\/uploads\/2016\/07\/DSC03169.jpg\" \/>\n<meta name=\"twitter:card\" content=\"summary_large_image\" \/>\n<meta name=\"twitter:label1\" content=\"Gesch\u00e4tzte Lesezeit\" \/>\n\t<meta name=\"twitter:data1\" content=\"2\u00a0Minuten\" \/>\n<script type=\"application\/ld+json\" class=\"yoast-schema-graph\">{\"@context\":\"https:\/\/schema.org\",\"@graph\":[{\"@type\":\"WebPage\",\"@id\":\"https:\/\/hans-igel.de\/?page_id=334\",\"url\":\"https:\/\/hans-igel.de\/?page_id=334\",\"name\":\"Hans mein Igel - Hans Igel\",\"isPartOf\":{\"@id\":\"http:\/\/hans-igel.de\/#website\"},\"primaryImageOfPage\":{\"@id\":\"https:\/\/hans-igel.de\/?page_id=334#primaryimage\"},\"image\":{\"@id\":\"https:\/\/hans-igel.de\/?page_id=334#primaryimage\"},\"thumbnailUrl\":\"http:\/\/hans-igel.de\/wp-content\/uploads\/2016\/07\/DSC03169.jpg\",\"datePublished\":\"2016-07-03T11:06:48+00:00\",\"dateModified\":\"2025-06-17T20:04:30+00:00\",\"description\":\"Am 25. Juni und am 1. Juli 2016 waren wir das erste Mal im Montelino-Circuszelt zu Gast: Hans mein Igel wurde begeistert aufgenommen.\",\"breadcrumb\":{\"@id\":\"https:\/\/hans-igel.de\/?page_id=334#breadcrumb\"},\"inLanguage\":\"de\",\"potentialAction\":[{\"@type\":\"ReadAction\",\"target\":[\"https:\/\/hans-igel.de\/?page_id=334\"]}]},{\"@type\":\"ImageObject\",\"inLanguage\":\"de\",\"@id\":\"https:\/\/hans-igel.de\/?page_id=334#primaryimage\",\"url\":\"http:\/\/hans-igel.de\/wp-content\/uploads\/2016\/07\/DSC03169.jpg\",\"contentUrl\":\"http:\/\/hans-igel.de\/wp-content\/uploads\/2016\/07\/DSC03169.jpg\",\"width\":1080,\"height\":810},{\"@type\":\"BreadcrumbList\",\"@id\":\"https:\/\/hans-igel.de\/?page_id=334#breadcrumb\",\"itemListElement\":[{\"@type\":\"ListItem\",\"position\":1,\"name\":\"Startseite\",\"item\":\"http:\/\/hans-igel.de\/\"},{\"@type\":\"ListItem\",\"position\":2,\"name\":\"Hans mein&nbsp;Igel\"}]},{\"@type\":\"WebSite\",\"@id\":\"http:\/\/hans-igel.de\/#website\",\"url\":\"http:\/\/hans-igel.de\/\",\"name\":\"Hans Igel\",\"description\":\"Verein f\u00fcr Inklusion &amp; Theater e. V. wurde 2008 in Potsdam gegr\u00fcndet und f\u00fchrt Theaterprojekte mit inklusivem Charakter durch.\",\"potentialAction\":[{\"@type\":\"SearchAction\",\"target\":{\"@type\":\"EntryPoint\",\"urlTemplate\":\"http:\/\/hans-igel.de\/?s={search_term_string}\"},\"query-input\":{\"@type\":\"PropertyValueSpecification\",\"valueRequired\":true,\"valueName\":\"search_term_string\"}}],\"inLanguage\":\"de\"}]}<\/script>\n<!-- \/ Yoast SEO plugin. -->","yoast_head_json":{"title":"Hans mein Igel - Hans Igel","description":"Am 25. Juni und am 1. Juli 2016 waren wir das erste Mal im Montelino-Circuszelt zu Gast: Hans mein Igel wurde begeistert aufgenommen.","robots":{"index":"index","follow":"follow","max-snippet":"max-snippet:-1","max-image-preview":"max-image-preview:large","max-video-preview":"max-video-preview:-1"},"canonical":"https:\/\/hans-igel.de\/?page_id=334","og_locale":"de_DE","og_type":"article","og_title":"Hans mein Igel - Hans Igel","og_description":"Am 25. Juni und am 1. Juli 2016 waren wir das erste Mal im Montelino-Circuszelt zu Gast: Hans mein Igel wurde begeistert aufgenommen.","og_url":"https:\/\/hans-igel.de\/?page_id=334","og_site_name":"Hans Igel","article_modified_time":"2025-06-17T20:04:30+00:00","og_image":[{"url":"http:\/\/hans-igel.de\/wp-content\/uploads\/2016\/07\/DSC03169.jpg","type":"","width":"","height":""}],"twitter_card":"summary_large_image","twitter_misc":{"Gesch\u00e4tzte Lesezeit":"2\u00a0Minuten"},"schema":{"@context":"https:\/\/schema.org","@graph":[{"@type":"WebPage","@id":"https:\/\/hans-igel.de\/?page_id=334","url":"https:\/\/hans-igel.de\/?page_id=334","name":"Hans mein Igel - Hans Igel","isPartOf":{"@id":"http:\/\/hans-igel.de\/#website"},"primaryImageOfPage":{"@id":"https:\/\/hans-igel.de\/?page_id=334#primaryimage"},"image":{"@id":"https:\/\/hans-igel.de\/?page_id=334#primaryimage"},"thumbnailUrl":"http:\/\/hans-igel.de\/wp-content\/uploads\/2016\/07\/DSC03169.jpg","datePublished":"2016-07-03T11:06:48+00:00","dateModified":"2025-06-17T20:04:30+00:00","description":"Am 25. Juni und am 1. Juli 2016 waren wir das erste Mal im Montelino-Circuszelt zu Gast: Hans mein Igel wurde begeistert aufgenommen.","breadcrumb":{"@id":"https:\/\/hans-igel.de\/?page_id=334#breadcrumb"},"inLanguage":"de","potentialAction":[{"@type":"ReadAction","target":["https:\/\/hans-igel.de\/?page_id=334"]}]},{"@type":"ImageObject","inLanguage":"de","@id":"https:\/\/hans-igel.de\/?page_id=334#primaryimage","url":"http:\/\/hans-igel.de\/wp-content\/uploads\/2016\/07\/DSC03169.jpg","contentUrl":"http:\/\/hans-igel.de\/wp-content\/uploads\/2016\/07\/DSC03169.jpg","width":1080,"height":810},{"@type":"BreadcrumbList","@id":"https:\/\/hans-igel.de\/?page_id=334#breadcrumb","itemListElement":[{"@type":"ListItem","position":1,"name":"Startseite","item":"http:\/\/hans-igel.de\/"},{"@type":"ListItem","position":2,"name":"Hans mein&nbsp;Igel"}]},{"@type":"WebSite","@id":"http:\/\/hans-igel.de\/#website","url":"http:\/\/hans-igel.de\/","name":"Hans Igel","description":"Verein f\u00fcr Inklusion &amp; Theater e. V. wurde 2008 in Potsdam gegr\u00fcndet und f\u00fchrt Theaterprojekte mit inklusivem Charakter durch.","potentialAction":[{"@type":"SearchAction","target":{"@type":"EntryPoint","urlTemplate":"http:\/\/hans-igel.de\/?s={search_term_string}"},"query-input":{"@type":"PropertyValueSpecification","valueRequired":true,"valueName":"search_term_string"}}],"inLanguage":"de"}]}},"jetpack_sharing_enabled":true,"_links":{"self":[{"href":"http:\/\/hans-igel.de\/index.php?rest_route=\/wp\/v2\/pages\/334"}],"collection":[{"href":"http:\/\/hans-igel.de\/index.php?rest_route=\/wp\/v2\/pages"}],"about":[{"href":"http:\/\/hans-igel.de\/index.php?rest_route=\/wp\/v2\/types\/page"}],"author":[{"embeddable":true,"href":"http:\/\/hans-igel.de\/index.php?rest_route=\/wp\/v2\/users\/1"}],"replies":[{"embeddable":true,"href":"http:\/\/hans-igel.de\/index.php?rest_route=%2Fwp%2Fv2%2Fcomments&post=334"}],"version-history":[{"count":5,"href":"http:\/\/hans-igel.de\/index.php?rest_route=\/wp\/v2\/pages\/334\/revisions"}],"predecessor-version":[{"id":536,"href":"http:\/\/hans-igel.de\/index.php?rest_route=\/wp\/v2\/pages\/334\/revisions\/536"}],"wp:attachment":[{"href":"http:\/\/hans-igel.de\/index.php?rest_route=%2Fwp%2Fv2%2Fmedia&parent=334"}],"curies":[{"name":"wp","href":"https:\/\/api.w.org\/{rel}","templated":true}]}}